{"id":262,"date":"2021-04-21T11:58:56","date_gmt":"2021-04-21T09:58:56","guid":{"rendered":"https:\/\/www.stangl-schilder.at\/shop\/?post_type=product&#038;p=262"},"modified":"2026-01-01T17:20:54","modified_gmt":"2026-01-01T16:20:54","slug":"verkehrsspiegel-basic-eckig-standard","status":"publish","type":"product","link":"https:\/\/www.stangl-schilder.at\/shop\/produkt\/verkehrsspiegel-basic-eckig-standard\/","title":{"rendered":"Verkehrsspiegel Basic eckig Standard"},"content":{"rendered":"<p>[et_pb_section fb_built=&#8220;1&#8243; _builder_version=&#8220;4.16&#8243; custom_padding=&#8220;0px||||false|false&#8220; global_colors_info=&#8220;{}&#8220;][et_pb_row _builder_version=&#8220;4.16&#8243; background_size=&#8220;initial&#8220; background_position=&#8220;top_left&#8220; background_repeat=&#8220;repeat&#8220; width=&#8220;100%&#8220; custom_padding=&#8220;0px||0px||false|false&#8220; global_colors_info=&#8220;{}&#8220;][et_pb_column type=&#8220;4_4&#8243; _builder_version=&#8220;4.16&#8243; custom_padding=&#8220;|||&#8220; global_colors_info=&#8220;{}&#8220; custom_padding__hover=&#8220;|||&#8220;][et_pb_wc_breadcrumb _builder_version=&#8220;4.16&#8243; global_colors_info=&#8220;{}&#8220;][\/et_pb_wc_breadcrumb][et_pb_wc_cart_notice _builder_version=&#8220;4.16&#8243; global_colors_info=&#8220;{}&#8220;][\/et_pb_wc_cart_notice][\/et_pb_column][\/et_pb_row][et_pb_row column_structure=&#8220;1_2,1_2&#8243; _builder_version=&#8220;4.16&#8243; background_size=&#8220;initial&#8220; background_position=&#8220;top_left&#8220; background_repeat=&#8220;repeat&#8220; width=&#8220;100%&#8220; custom_padding=&#8220;0px||||false|false&#8220; global_colors_info=&#8220;{}&#8220;][et_pb_column type=&#8220;1_2&#8243; _builder_version=&#8220;4.16&#8243; custom_padding=&#8220;|||&#8220; global_colors_info=&#8220;{}&#8220; custom_padding__hover=&#8220;|||&#8220;][et_pb_wc_images _builder_version=&#8220;4.16&#8243; global_colors_info=&#8220;{}&#8220;][\/et_pb_wc_images][\/et_pb_column][et_pb_column type=&#8220;1_2&#8243; _builder_version=&#8220;4.16&#8243; custom_padding=&#8220;|||&#8220; global_colors_info=&#8220;{}&#8220; custom_padding__hover=&#8220;|||&#8220;][et_pb_wc_title _builder_version=&#8220;4.16&#8243; global_colors_info=&#8220;{}&#8220;][\/et_pb_wc_title][et_pb_wc_rating _builder_version=&#8220;4.16&#8243; global_colors_info=&#8220;{}&#8220;][\/et_pb_wc_rating][et_pb_wc_price _builder_version=&#8220;4.16&#8243; global_colors_info=&#8220;{}&#8220;][\/et_pb_wc_price][et_pb_wc_description _builder_version=&#8220;4.16&#8243; global_colors_info=&#8220;{}&#8220;][\/et_pb_wc_description][et_pb_wc_add_to_cart _builder_version=&#8220;4.16&#8243; global_colors_info=&#8220;{}&#8220;][\/et_pb_wc_add_to_cart][et_pb_wc_meta _builder_version=&#8220;4.16&#8243; global_colors_info=&#8220;{}&#8220;][\/et_pb_wc_meta][\/et_pb_column][\/et_pb_row][et_pb_row _builder_version=&#8220;4.16&#8243; _module_preset=&#8220;default&#8220; width=&#8220;100%&#8220; global_colors_info=&#8220;{}&#8220;][et_pb_column type=&#8220;4_4&#8243; _builder_version=&#8220;4.16&#8243; _module_preset=&#8220;default&#8220; global_colors_info=&#8220;{}&#8220;][et_pb_text _builder_version=&#8220;4.16&#8243; _module_preset=&#8220;default&#8220; global_colors_info=&#8220;{}&#8220;]<\/p>\n<h2>Produkt in 3D \/ AR ansehen:<\/h2>\n<p>[\/et_pb_text][et_pb_tabs _builder_version=&#8220;4.16&#8243; _module_preset=&#8220;default&#8220; body_text_align=&#8220;center&#8220; width=&#8220;100%&#8220; global_colors_info=&#8220;{}&#8220;][et_pb_tab title=&#8220;Gr\u00f6\u00dfe 800&#215;1000 mm&#8220; _builder_version=&#8220;4.16&#8243; _module_preset=&#8220;default&#8220; custom_padding_tablet=&#8220;&#8220; custom_padding_phone=&#8220;0px|0px|0px|0px|false|false&#8220; custom_padding_last_edited=&#8220;on|phone&#8220; custom_css_main_element=&#8220;height:100%;&#8220; global_colors_info=&#8220;{}&#8220;] <div class=\"brlbs-cmpnt-container brlbs-cmpnt-content-blocker brlbs-cmpnt-with-individual-styles\" data-borlabs-cookie-content-blocker-id=\"sketchfab\" data-borlabs-cookie-content=\"IDwvcD4KPGRpdiBjbGFzcz0iYnJsYnMtY21wbnQtY29udGFpbmVyIGJybGJzLWNtcG50LWNvbnRlbnQtYmxvY2tlciBicmxicy1jbXBudC13aXRoLWluZGl2aWR1YWwtc3R5bGVzIiBkYXRhLWJvcmxhYnMtY29va2llLWNvbnRlbnQtYmxvY2tlci1pZD0ic2tldGNoZmFiIiBkYXRhLWJvcmxhYnMtY29va2llLWNvbnRlbnQ9IlBHbG1jbUZ0WlNCMGFYUnNaVDBpVTNCcFpXZGxiQ0JDWVhOcFl6Z3dNSGd4TURBd0xVRnlkRzV5T2pFeExWWkZRamd3TUNJZ2MzSmpQU0pvZEhSd2N6b3ZMM05yWlhSamFHWmhZaTVqYjIwdmJXOWtaV3h6THpWaE5XUXpOakEzTUdJM1pqUXhNelE1TUROaVpqRTRaRGcyWkdObE0yTmtMMlZ0WW1Wa1AyRjFkRzl6Y0dsdVBURW1ZVzF3TzJGMWRHOXpkR0Z5ZEQweEptRnRjRHQxYVY5cGJtWnZjejB3Sm1GdGNEdDFhVjlwYm5Od1pXTjBiM0k5TUNaaGJYQTdkV2xmZDJGMFpYSnRZWEpyWDJ4cGJtczlNQ1poYlhBN2RXbGZkMkYwWlhKdFlYSnJQVEFtWVcxd08zVnBYM1p5UFRBbVlXMXdPMlJ1ZEQweElpQjNhV1IwYUQwaU9UVXdJaUJvWldsbmFIUTlJalV6TUNJZ1puSmhiV1ZpYjNKa1pYSTlJakFpSUdGc2JHOTNablZzYkhOamNtVmxiajBpWVd4c2IzZG1kV3hzYzJOeVpXVnVJajQ4TDJsbWNtRnRaVDQ9Ij4KPGRpdiBjbGFzcz0iYnJsYnMtY21wbnQtY2ItcHJlc2V0LWIgYnJsYnMtY21wbnQtY2Itc2tldGNoZmFiIj4KPGRpdiBjbGFzcz0iYnJsYnMtY21wbnQtY2ItdGh1bWJuYWlsIiBzdHlsZT0iYmFja2dyb3VuZC1pbWFnZTogdXJsKCdodHRwczovL3d3dy5zdGFuZ2wtc2NoaWxkZXIuYXQvc2hvcC93cC1jb250ZW50L3VwbG9hZHMvYm9ybGFicy1jb29raWUvMS9iY3QtbWF0dGVycG9ydC1tYWluLnBuZycpIj48L2Rpdj4KPGRpdiBjbGFzcz0iYnJsYnMtY21wbnQtY2ItbWFpbiI+CjxkaXYgY2xhc3M9ImJybGJzLWNtcG50LWNiLWNvbnRlbnQiPgo8cCBjbGFzcz0iYnJsYnMtY21wbnQtY2ItZGVzY3JpcHRpb24iPlNpZSBzZWhlbiBnZXJhZGUgZWluZW4gUGxhdHpoYWx0ZXJpbmhhbHQgdm9uIDxzdHJvbmc+U2tldGNoZmFiPC9zdHJvbmc+LiBVbSBhdWYgZGVuIGVpZ2VudGxpY2hlbiBJbmhhbHQgenV6dWdyZWlmZW4sIGtsaWNrZW4gU2llIGF1ZiBkaWUgU2NoYWx0ZmzDpGNoZSB1bnRlbi4gQml0dGUgYmVhY2h0ZW4gU2llLCBkYXNzIGRhYmVpIERhdGVuIGFuIERyaXR0YW5iaWV0ZXIgd2VpdGVyZ2VnZWJlbiB3ZXJkZW4uPC9wPgo8cD4gPGEgY2xhc3M9ImJybGJzLWNtcG50LWNiLXByb3ZpZGVyLXRvZ2dsZSIgaHJlZj0iIyIgZGF0YS1ib3JsYWJzLWNvb2tpZS1zaG93LXByb3ZpZGVyLWluZm9ybWF0aW9uIHJvbGU9ImJ1dHRvbiI+TWVociBJbmZvcm1hdGlvbmVuPC9hPiA8L2Rpdj4KPGRpdiBjbGFzcz0iYnJsYnMtY21wbnQtY2ItYnV0dG9ucyI+IDxhIGNsYXNzPSJicmxicy1jbXBudC1jYi1idG4iIGhyZWY9IiMiIGRhdGEtYm9ybGFicy1jb29raWUtdW5ibG9jayByb2xlPSJidXR0b24iPkluaGFsdCBlbnRzcGVycmVuPC9hPiA8YSBjbGFzcz0iYnJsYnMtY21wbnQtY2ItYnRuIiBocmVmPSIjIiBkYXRhLWJvcmxhYnMtY29va2llLWFjY2VwdC1zZXJ2aWNlIHJvbGU9ImJ1dHRvbiIgc3R5bGU9ImRpc3BsYXk6IGluaGVyaXQiPkVyZm9yZGVybGljaGVuIFNlcnZpY2UgYWt6ZXB0aWVyZW4gdW5kIEluaGFsdGUgZW50c3BlcnJlbjwvYT4gPC9kaXY+CjwvcD48L2Rpdj4KPC9wPjwvZGl2Pgo8L2Rpdj4KPHA+\"><div class=\"brlbs-cmpnt-cb-preset-b brlbs-cmpnt-cb-sketchfab\"> <div class=\"brlbs-cmpnt-cb-thumbnail\" style=\"background-image: url('https:\/\/www.stangl-schilder.at\/shop\/wp-content\/uploads\/borlabs-cookie\/1\/bct-matterport-main.png')\"><\/div> <div class=\"brlbs-cmpnt-cb-main\"> <div class=\"brlbs-cmpnt-cb-content\"> <p class=\"brlbs-cmpnt-cb-description\">Sie sehen gerade einen Platzhalterinhalt von <strong>Sketchfab<\/strong>. Um auf den eigentlichen Inhalt zuzugreifen, klicken Sie auf die Schaltfl\u00e4che unten. Bitte beachten Sie, dass dabei Daten an Drittanbieter weitergegeben werden.<\/p> <a class=\"brlbs-cmpnt-cb-provider-toggle\" href=\"#\" data-borlabs-cookie-show-provider-information role=\"button\">Mehr Informationen<\/a> <\/div> <div class=\"brlbs-cmpnt-cb-buttons\"> <a class=\"brlbs-cmpnt-cb-btn\" href=\"#\" data-borlabs-cookie-unblock role=\"button\">Inhalt entsperren<\/a> <a class=\"brlbs-cmpnt-cb-btn\" href=\"#\" data-borlabs-cookie-accept-service role=\"button\" style=\"display: inherit\">Erforderlichen Service akzeptieren und Inhalte entsperren<\/a> <\/div> <\/div> <\/div><\/div>[\/et_pb_tab][\/et_pb_tabs][\/et_pb_column][\/et_pb_row][et_pb_row _builder_version=&#8220;4.16&#8243; background_size=&#8220;initial&#8220; background_position=&#8220;top_left&#8220; background_repeat=&#8220;repeat&#8220; width=&#8220;100%&#8220; global_colors_info=&#8220;{}&#8220;][et_pb_column type=&#8220;4_4&#8243; _builder_version=&#8220;4.16&#8243; custom_padding=&#8220;|||&#8220; global_colors_info=&#8220;{}&#8220; custom_padding__hover=&#8220;|||&#8220;][et_pb_wc_tabs _builder_version=&#8220;4.16&#8243; global_colors_info=&#8220;{}&#8220;] [\/et_pb_wc_tabs][\/et_pb_column][\/et_pb_row][et_pb_row _builder_version=&#8220;4.16&#8243; background_size=&#8220;initial&#8220; background_position=&#8220;top_left&#8220; background_repeat=&#8220;repeat&#8220; width=&#8220;100%&#8220; global_colors_info=&#8220;{}&#8220;][et_pb_column type=&#8220;4_4&#8243; _builder_version=&#8220;4.16&#8243; custom_padding=&#8220;|||&#8220; global_colors_info=&#8220;{}&#8220; custom_padding__hover=&#8220;|||&#8220;][et_pb_wc_upsells posts_number=&#8220;4&#8243; columns_number=&#8220;4&#8243; _builder_version=&#8220;4.16&#8243; global_colors_info=&#8220;{}&#8220;][\/et_pb_wc_upsells][\/et_pb_column][\/et_pb_row][\/et_pb_section]<\/p>\n","protected":false},"excerpt":{"rendered":"<p>Verkehrsspiegel Basic &#8211; in Hi-ABS-Kunststoff &#8211; Spiegelfl\u00e4che Edelstahl &#8211; eckig.<\/p>\n","protected":false},"featured_media":236425,"comment_status":"closed","ping_status":"closed","template":"","meta":{"_et_pb_use_builder":"on","_et_pb_old_content":"<strong>Edelstahl-Verkehrsspiegel Basic<\/strong>, in Hi-ABS Kunststoff Tasse mit rot-wei\u00df reflektierenden Streifen, inklusive Halterung.\r\nHalterung aus Alu und Stahl, geeignet f\u00fcr Rohre mit Durchmesser 60-90 mm sowie f\u00fcr Stahlb\u00e4nder, Garantie: 6 Jahre, Spiegelfl\u00e4che aus hochpoliertem Edelstahl, Problemlose Reinigung. Spiegelfront austauschbar.\r\nSehr lange Lebensdauer durch Edelstahl-Linse, einfache Montage.\r\nMaterial: Edelstahl und Hi-ABS-Kunststoff.\r\nFunktionsgarantie: 6 Jahre.\r\n\r\n<img class=\"alignnone size-full wp-image-237344\" src=\"https:\/\/www.stangl-schilder.at\/shop\/wp-content\/uploads\/TUV-Logo-gebrauchswert-geprueft_klein.jpg\" alt=\"TUV-Logo-gebrauchswert-gepr\u00fcft_klein\" width=\"110\" height=\"110\" \/>","_et_gb_content_width":""},"product_brand":[],"product_cat":[17,25,52],"product_tag":[],"class_list":{"0":"post-262","1":"product","2":"type-product","3":"status-publish","4":"has-post-thumbnail","6":"product_cat-verkehrsspiegel","7":"product_cat-aktionen-aktuelles","8":"product_cat-basic","9":"product_shipping_class-verkehrsspiegel","11":"first","12":"instock","13":"taxable","14":"shipping-taxable","15":"purchasable","16":"product-type-variable"},"_links":{"self":[{"href":"https:\/\/www.stangl-schilder.at\/shop\/wp-json\/wp\/v2\/product\/262","targetHints":{"allow":["GET"]}}],"collection":[{"href":"https:\/\/www.stangl-schilder.at\/shop\/wp-json\/wp\/v2\/product"}],"about":[{"href":"https:\/\/www.stangl-schilder.at\/shop\/wp-json\/wp\/v2\/types\/product"}],"replies":[{"embeddable":true,"href":"https:\/\/www.stangl-schilder.at\/shop\/wp-json\/wp\/v2\/comments?post=262"}],"wp:featuredmedia":[{"embeddable":true,"href":"https:\/\/www.stangl-schilder.at\/shop\/wp-json\/wp\/v2\/media\/236425"}],"wp:attachment":[{"href":"https:\/\/www.stangl-schilder.at\/shop\/wp-json\/wp\/v2\/media?parent=262"}],"wp:term":[{"taxonomy":"product_brand","embeddable":true,"href":"https:\/\/www.stangl-schilder.at\/shop\/wp-json\/wp\/v2\/product_brand?post=262"},{"taxonomy":"product_cat","embeddable":true,"href":"https:\/\/www.stangl-schilder.at\/shop\/wp-json\/wp\/v2\/product_cat?post=262"},{"taxonomy":"product_tag","embeddable":true,"href":"https:\/\/www.stangl-schilder.at\/shop\/wp-json\/wp\/v2\/product_tag?post=262"}],"curies":[{"name":"wp","href":"https:\/\/api.w.org\/{rel}","templated":true}]}}