{"id":238742,"date":"2024-09-12T16:08:39","date_gmt":"2024-09-12T14:08:39","guid":{"rendered":"https:\/\/www.stangl-schilder.at\/shop\/?post_type=product&#038;p=238742"},"modified":"2026-01-01T17:20:30","modified_gmt":"2026-01-01T16:20:30","slug":"informationsanzeigetafel-evocity-led-solar-komplettset","status":"publish","type":"product","link":"https:\/\/www.stangl-schilder.at\/shop\/produkt\/informationsanzeigetafel-evocity-led-solar-komplettset\/","title":{"rendered":"Informationsanzeigetafel EVOCITY-LED SOLAR Komplettset"},"content":{"rendered":"<p>[et_pb_section fb_built=&#8220;1&#8243; _builder_version=&#8220;4.16&#8243; custom_padding=&#8220;0px||||false|false&#8220; global_colors_info=&#8220;{}&#8220;][et_pb_row _builder_version=&#8220;4.16&#8243; background_size=&#8220;initial&#8220; background_position=&#8220;top_left&#8220; background_repeat=&#8220;repeat&#8220; width=&#8220;100%&#8220; custom_padding=&#8220;0px||0px||false|false&#8220; global_colors_info=&#8220;{}&#8220;][et_pb_column type=&#8220;4_4&#8243; _builder_version=&#8220;4.16&#8243; custom_padding=&#8220;|||&#8220; global_colors_info=&#8220;{}&#8220; custom_padding__hover=&#8220;|||&#8220;][et_pb_wc_breadcrumb _builder_version=&#8220;4.16&#8243; global_colors_info=&#8220;{}&#8220;][\/et_pb_wc_breadcrumb][et_pb_wc_cart_notice _builder_version=&#8220;4.16&#8243; global_colors_info=&#8220;{}&#8220;][\/et_pb_wc_cart_notice][\/et_pb_column][\/et_pb_row][et_pb_row column_structure=&#8220;1_2,1_2&#8243; _builder_version=&#8220;4.16&#8243; background_size=&#8220;initial&#8220; background_position=&#8220;top_left&#8220; background_repeat=&#8220;repeat&#8220; width=&#8220;100%&#8220; custom_padding=&#8220;0px||||false|false&#8220; global_colors_info=&#8220;{}&#8220;][et_pb_column type=&#8220;1_2&#8243; _builder_version=&#8220;4.16&#8243; custom_padding=&#8220;|||&#8220; global_colors_info=&#8220;{}&#8220; custom_padding__hover=&#8220;|||&#8220;][et_pb_wc_images _builder_version=&#8220;4.16&#8243; global_colors_info=&#8220;{}&#8220;][\/et_pb_wc_images][\/et_pb_column][et_pb_column type=&#8220;1_2&#8243; _builder_version=&#8220;4.16&#8243; custom_padding=&#8220;|||&#8220; global_colors_info=&#8220;{}&#8220; custom_padding__hover=&#8220;|||&#8220;][et_pb_wc_title _builder_version=&#8220;4.16&#8243; global_colors_info=&#8220;{}&#8220;][\/et_pb_wc_title][et_pb_wc_rating _builder_version=&#8220;4.16&#8243; global_colors_info=&#8220;{}&#8220;][\/et_pb_wc_rating][et_pb_wc_price _builder_version=&#8220;4.16&#8243; global_colors_info=&#8220;{}&#8220;][\/et_pb_wc_price][et_pb_wc_description _builder_version=&#8220;4.16&#8243; global_colors_info=&#8220;{}&#8220;][\/et_pb_wc_description][et_pb_wc_add_to_cart _builder_version=&#8220;4.16&#8243; global_colors_info=&#8220;{}&#8220;][\/et_pb_wc_add_to_cart][et_pb_wc_meta _builder_version=&#8220;4.16&#8243; global_colors_info=&#8220;{}&#8220;][\/et_pb_wc_meta][\/et_pb_column][\/et_pb_row][et_pb_row _builder_version=&#8220;4.16&#8243; background_size=&#8220;initial&#8220; background_position=&#8220;top_left&#8220; background_repeat=&#8220;repeat&#8220; width=&#8220;100%&#8220; global_colors_info=&#8220;{}&#8220;][et_pb_column type=&#8220;4_4&#8243; _builder_version=&#8220;4.16&#8243; custom_padding=&#8220;|||&#8220; global_colors_info=&#8220;{}&#8220; custom_padding__hover=&#8220;|||&#8220;][et_pb_wc_tabs _builder_version=&#8220;4.16&#8243; global_colors_info=&#8220;{}&#8220;]\t\t\t\t\t[\/et_pb_wc_tabs][\/et_pb_column][\/et_pb_row][et_pb_row _builder_version=&#8220;4.16&#8243; background_size=&#8220;initial&#8220; background_position=&#8220;top_left&#8220; background_repeat=&#8220;repeat&#8220; width=&#8220;100%&#8220; global_colors_info=&#8220;{}&#8220;][et_pb_column type=&#8220;4_4&#8243; _builder_version=&#8220;4.16&#8243; custom_padding=&#8220;|||&#8220; global_colors_info=&#8220;{}&#8220; custom_padding__hover=&#8220;|||&#8220;][et_pb_wc_upsells posts_number=&#8220;4&#8243; columns_number=&#8220;4&#8243; _builder_version=&#8220;4.27.0&#8243; global_colors_info=&#8220;{}&#8220;][\/et_pb_wc_upsells][\/et_pb_column][\/et_pb_row][\/et_pb_section]<\/p>\n","protected":false},"excerpt":{"rendered":"<p><strong>Informationsanzeigetafel EVOCITY-LED SOLAR Komplettset inkl. Solarpanel und 2 Stk. Akku<br \/>\n<\/strong>Grafische Oberfl\u00e4che 960 x 640 mm, 8 Zeilen mit je 19 Zeichen, Sichtbarkeit Ablesewinkel bis zu 120\u00b0, Sichtbar bis zu 60 Meter, Abmessungen 1100 x 920 x 150 mm (L x H x T) inklusive Aufsatz (im Lieferumfang enthalten), Gewicht 20 kg (ohne Akkus) , kostenlose Telefonhotline, 2 Jahre Werksgarantie.<\/p>\n<p><strong>\u00a0<\/strong><\/p>\n","protected":false},"featured_media":238746,"comment_status":"closed","ping_status":"closed","template":"","meta":{"_et_pb_use_builder":"on","_et_pb_old_content":"<h3>Komplettset bestehend aus:<\/h3>\r\n1 St\u00fcck EVOCITY - LED SOLAR\r\n1 St\u00fcck 215 Watt PERC-S Solarpanel (Monokristallin) mit Befestigungssatz aus Aluminium (ohne Stahlband)\r\n2 St\u00fcck Akku 12V 80Ah mit Verbindungskabel und mit integrierter Sicherung (SA)\r\n1 St\u00fcck Befestigungsstange (ohne Schellen oder B\u00e4nder)\r\n2 St\u00fcck Kabelkan\u00e4le aus Alu\r\n1 St\u00fcck gesicherter Kasten f\u00fcr die Akkus\r\n\r\n<strong>DISPLAY:\u00a0<\/strong>\r\n<strong>Technologie<\/strong> OSRAM C.M.S., leuchtstark, sehr niedriger Stromverbrauch\r\nLebensdauer &gt; 100 000 Stunden, bernsteinfarben\r\n<strong>Grafische Oberfl\u00e4che<\/strong> 960 x 640 mm, 8 Zeilen mit je 19 Zeichen\r\n<strong>Aufl\u00f6sung<\/strong> 96 x 64 Pixel, 6144 Dioden, Pitch 10 mm\r\n<strong>Sichtbarkeit<\/strong> Ablesewinkel bis zu 120\u00b0, Sichtbar bis zu 60 Meter\r\n<strong>Fotozelle<\/strong> Hochpr\u00e4ziser Sensor f\u00fcr Lichtanpassung\r\n\r\n<strong>GEH\u00c4USE UND VORDERSEITE:<\/strong>\r\n<strong>Abmessungen<\/strong> 1100 x 920 x 150 mm (L x H x T) Inklusive Aufsatz\r\n<strong>Gewicht<\/strong> 20 kg (ohne Akkus)\r\n<strong>Material<\/strong> Thermogeformtes ABS-Harz, Anti-UV-Behandlung\r\n<strong>Farbe<\/strong> Schwarz, durchgef\u00e4rbt\r\n<strong>Frontseite<\/strong> Polycarbonat, entspiegelt, widerstandsf\u00e4hig\r\n<strong>Wasserdicht<\/strong> IP54\r\n<strong>Sicherheit<\/strong> Vorrichtung f\u00fcr Vorh\u00e4ngeschloss\r\n\r\n<strong>KONNEKTIVIT\u00c4T:<\/strong>\r\n<strong>Kabellos<\/strong> 4G-Modem \u2013 Web-Interface\r\n<strong>Kabel<\/strong> Ethernet \u2013 intuitives Interface \u2013 keine Softwareinstallation erforderlich\r\n\r\n<strong>STROMVERSORGUNG:<\/strong>\r\n<strong>Solarstromversorgung<\/strong>\r\nSolarmodul 215 Watt, Monokristalline Zellen mit hohem Wirkungsgrad\r\nAbmessungen: 942 x 1096 x 35 mm (L x T x H),\r\nLadeeinheit mit intelligentem Lademanagement\r\n\r\n<strong>STROMVERSORGUNG BEI:<\/strong>\r\nModell EVOCITY-LED SOLAR mit Monokristallinem Solarmodul 215W (PERC) 2 Akku 12V 80Ah (Bleibatterie 27,5 kg).\r\n\r\n<strong>Zus\u00e4tzlich optionaler Artikel:\r\n<\/strong>62-2302 EVOCITY Anzeigeplatte individuell beschriften mit Text, Logo oder Druck.\r\n62-EABO0005AA EVOWEB-Plattform-Abonnement f\u00fcr EVOCITY, 24 Monate (f\u00fcr bestehende SIM-Karte).\r\n\r\n&nbsp;\r\n<h3><strong>EVOCITY Informationsanzeigetafel mit Solarpanel zu 100% autonom oder mit AC!<\/strong><\/h3>\r\n<strong>sichtbar und lesbar<\/strong>\r\n<ul>\r\n \t<li>perfekte Sichtbarkeit dank Osram-LEDs der letzten Generation, Ablesewinkel von 120\u00b0<\/li>\r\n \t<li>flexibles Textformat mit bis zu 8 Zeilen mit 19 Zeichen<\/li>\r\n \t<li>integrierte, einfache und verst\u00e4ndliche Piktogramme<\/li>\r\n<\/ul>\r\n<strong>intuitiv und vernetzt<\/strong>\r\n<ul>\r\n \t<li>dank intuitivem Interface k\u00f6nnen Nachrichten auf verschiedenen Ger\u00e4ten verfasst werden<\/li>\r\n \t<li>unkomplizierte Verbindung mit der Tafel per 4G oder Ethernet<\/li>\r\n \t<li>schnelle und sichere Aktualisierungen, die einen optimalen Kommunikationsfluss garantieren<\/li>\r\n<\/ul>\r\n<strong>flexible und einfache Installation<\/strong>\r\n<ul>\r\n \t<li>mit Solarpanel zu 100 % autonom<\/li>\r\n \t<li>erh\u00f6hte Flexibilit\u00e4t durch die m\u00f6gliche Verbindung mit einem bestehenden Netz<\/li>\r\n \t<li>ausgekl\u00fcgeltes Design, das eine einfache Installation und Wartung verspricht, unabh\u00e4ngig von der gew\u00e4hlten Stromversorgung<\/li>\r\n \t<li>Montage auf bestehender Aufstellvorrichtung m\u00f6glich<\/li>\r\n<\/ul>\r\n<strong>langlebig und widerstandsf\u00e4hig<\/strong>\r\n<ul>\r\n \t<li>Geh\u00e4use aus thermogeformtem ABS-Harz und Frontseite aus Polycarbonat mit Anti-UV-Behandlung<\/li>\r\n \t<li>durchgef\u00e4rbt, um Abbl\u00e4tterungen am Geh\u00e4use zu vermeiden<\/li>\r\n \t<li>ohne Metall, um Korrosion vorzubeugen und Langlebigkeit zu erhalten<\/li>\r\n<\/ul>","_et_gb_content_width":""},"product_brand":[],"product_cat":[143,25,148],"product_tag":[],"class_list":{"0":"post-238742","1":"product","2":"type-product","3":"status-publish","4":"has-post-thumbnail","6":"product_cat-strassensicherheit","7":"product_cat-aktionen-aktuelles","8":"product_cat-informationsanzeigetafeln-evocity","9":"product_shipping_class-evocity","11":"first","12":"instock","13":"taxable","14":"shipping-taxable","15":"purchasable","16":"product-type-simple"},"_links":{"self":[{"href":"https:\/\/www.stangl-schilder.at\/shop\/wp-json\/wp\/v2\/product\/238742","targetHints":{"allow":["GET"]}}],"collection":[{"href":"https:\/\/www.stangl-schilder.at\/shop\/wp-json\/wp\/v2\/product"}],"about":[{"href":"https:\/\/www.stangl-schilder.at\/shop\/wp-json\/wp\/v2\/types\/product"}],"replies":[{"embeddable":true,"href":"https:\/\/www.stangl-schilder.at\/shop\/wp-json\/wp\/v2\/comments?post=238742"}],"wp:featuredmedia":[{"embeddable":true,"href":"https:\/\/www.stangl-schilder.at\/shop\/wp-json\/wp\/v2\/media\/238746"}],"wp:attachment":[{"href":"https:\/\/www.stangl-schilder.at\/shop\/wp-json\/wp\/v2\/media?parent=238742"}],"wp:term":[{"taxonomy":"product_brand","embeddable":true,"href":"https:\/\/www.stangl-schilder.at\/shop\/wp-json\/wp\/v2\/product_brand?post=238742"},{"taxonomy":"product_cat","embeddable":true,"href":"https:\/\/www.stangl-schilder.at\/shop\/wp-json\/wp\/v2\/product_cat?post=238742"},{"taxonomy":"product_tag","embeddable":true,"href":"https:\/\/www.stangl-schilder.at\/shop\/wp-json\/wp\/v2\/product_tag?post=238742"}],"curies":[{"name":"wp","href":"https:\/\/api.w.org\/{rel}","templated":true}]}}