{"id":238509,"date":"2024-04-09T15:19:54","date_gmt":"2024-04-09T13:19:54","guid":{"rendered":"https:\/\/www.stangl-schilder.at\/shop\/?post_type=product&#038;p=238509"},"modified":"2026-01-01T17:20:56","modified_gmt":"2026-01-01T16:20:56","slug":"flexibler-bleistift-poller","status":"publish","type":"product","link":"https:\/\/www.stangl-schilder.at\/shop\/produkt\/flexibler-bleistift-poller\/","title":{"rendered":"Flexibler Bleistift-Poller f\u00fcr Schulen und Kinderg\u00e4rten"},"content":{"rendered":"<p>[et_pb_section fb_built=&#8220;1&#8243; _builder_version=&#8220;4.16&#8243; custom_padding=&#8220;0px||||false|false&#8220; global_colors_info=&#8220;{}&#8220;][et_pb_row _builder_version=&#8220;4.16&#8243; background_size=&#8220;initial&#8220; background_position=&#8220;top_left&#8220; background_repeat=&#8220;repeat&#8220; width=&#8220;100%&#8220; custom_padding=&#8220;0px||0px||false|false&#8220; global_colors_info=&#8220;{}&#8220;][et_pb_column type=&#8220;4_4&#8243; _builder_version=&#8220;4.16&#8243; custom_padding=&#8220;|||&#8220; global_colors_info=&#8220;{}&#8220; custom_padding__hover=&#8220;|||&#8220;][et_pb_wc_breadcrumb _builder_version=&#8220;4.16&#8243; global_colors_info=&#8220;{}&#8220;][\/et_pb_wc_breadcrumb][et_pb_wc_cart_notice _builder_version=&#8220;4.16&#8243; global_colors_info=&#8220;{}&#8220;][\/et_pb_wc_cart_notice][\/et_pb_column][\/et_pb_row][et_pb_row column_structure=&#8220;1_2,1_2&#8243; _builder_version=&#8220;4.16&#8243; background_size=&#8220;initial&#8220; background_position=&#8220;top_left&#8220; background_repeat=&#8220;repeat&#8220; width=&#8220;100%&#8220; custom_padding=&#8220;0px||||false|false&#8220; global_colors_info=&#8220;{}&#8220;][et_pb_column type=&#8220;1_2&#8243; _builder_version=&#8220;4.16&#8243; custom_padding=&#8220;|||&#8220; global_colors_info=&#8220;{}&#8220; custom_padding__hover=&#8220;|||&#8220;][et_pb_wc_images _builder_version=&#8220;4.16&#8243; global_colors_info=&#8220;{}&#8220;][\/et_pb_wc_images][\/et_pb_column][et_pb_column type=&#8220;1_2&#8243; _builder_version=&#8220;4.16&#8243; custom_padding=&#8220;|||&#8220; global_colors_info=&#8220;{}&#8220; custom_padding__hover=&#8220;|||&#8220;][et_pb_wc_title _builder_version=&#8220;4.16&#8243; global_colors_info=&#8220;{}&#8220;][\/et_pb_wc_title][et_pb_wc_rating _builder_version=&#8220;4.16&#8243; global_colors_info=&#8220;{}&#8220;][\/et_pb_wc_rating][et_pb_wc_price _builder_version=&#8220;4.16&#8243; global_colors_info=&#8220;{}&#8220;][\/et_pb_wc_price][et_pb_wc_description _builder_version=&#8220;4.16&#8243; global_colors_info=&#8220;{}&#8220;][\/et_pb_wc_description][et_pb_wc_add_to_cart _builder_version=&#8220;4.16&#8243; global_colors_info=&#8220;{}&#8220;][\/et_pb_wc_add_to_cart][et_pb_wc_meta _builder_version=&#8220;4.16&#8243; global_colors_info=&#8220;{}&#8220;][\/et_pb_wc_meta][\/et_pb_column][\/et_pb_row][et_pb_row _builder_version=&#8220;4.16&#8243; background_size=&#8220;initial&#8220; background_position=&#8220;top_left&#8220; background_repeat=&#8220;repeat&#8220; width=&#8220;100%&#8220; global_colors_info=&#8220;{}&#8220;][et_pb_column type=&#8220;4_4&#8243; _builder_version=&#8220;4.16&#8243; custom_padding=&#8220;|||&#8220; global_colors_info=&#8220;{}&#8220; custom_padding__hover=&#8220;|||&#8220;][et_pb_wc_tabs _builder_version=&#8220;4.16&#8243; global_colors_info=&#8220;{}&#8220;]\t\t\t\t\t[\/et_pb_wc_tabs][\/et_pb_column][\/et_pb_row][et_pb_row _builder_version=&#8220;4.16&#8243; background_size=&#8220;initial&#8220; background_position=&#8220;top_left&#8220; background_repeat=&#8220;repeat&#8220; width=&#8220;100%&#8220; global_colors_info=&#8220;{}&#8220;][et_pb_column type=&#8220;4_4&#8243; _builder_version=&#8220;4.16&#8243; custom_padding=&#8220;|||&#8220; global_colors_info=&#8220;{}&#8220; custom_padding__hover=&#8220;|||&#8220;][et_pb_wc_upsells posts_number=&#8220;4&#8243; columns_number=&#8220;4&#8243; _builder_version=&#8220;4.18.0&#8243; global_colors_info=&#8220;{}&#8220;][\/et_pb_wc_upsells][\/et_pb_column][\/et_pb_row][\/et_pb_section]<\/p>\n","protected":false},"excerpt":{"rendered":"<p>Flexibler Bleistift-Poller f\u00fcr Schulen und Kinderg\u00e4rten. H\u00f6he: 1000 mm. Durchmesser: 80 mm. Kappe: &#8222;Bleistift&#8220;. Reflexstreifen: 1 x wei\u00df, 50 mm.<\/p>\n","protected":false},"featured_media":238512,"comment_status":"closed","ping_status":"closed","template":"","meta":{"_et_pb_use_builder":"on","_et_pb_old_content":"Bleistift-Poller mit Kappe in Form eines Radiergummis sind aufgrund ihres auff\u00e4lligen Designs und den verschiedenen Farbvarianten besonders geeignet f\u00fcr Schulen und Kinderg\u00e4rten. Die Form eines Bleistiftes ist ein zus\u00e4tzlicher, visueller Hinweis auf eine Bildungseinrichtung, was zur besseren Markierung und erh\u00f6hter Sicherheit im Umfeld von Kindern und Jugendlichen beitragen kann. Trotz ungew\u00f6hnlicher Optik haben diese Bleistift-Poller die gleichen Eigenschaften wie herk\u00f6mmliche Poller. Unterscheiden sich also lediglich durch die speziell f\u00fcr Schulen und Kinderg\u00e4rten entwickelte Bleistiftform.\r\n\r\nDie Bleistift-Poller sind erh\u00e4ltlich in den Farben gelb, rot, blau, gr\u00fcn und k\u00f6nnen beliebig kombiniert werden.","_et_gb_content_width":""},"product_brand":[],"product_cat":[19,25,131],"product_tag":[],"class_list":{"0":"post-238509","1":"product","2":"type-product","3":"status-publish","4":"has-post-thumbnail","6":"product_cat-poller-absperrpfosten","7":"product_cat-aktionen-aktuelles","8":"product_cat-poller-ueberfahrbar","10":"first","11":"instock","12":"taxable","13":"shipping-taxable","14":"purchasable","15":"product-type-variable"},"_links":{"self":[{"href":"https:\/\/www.stangl-schilder.at\/shop\/wp-json\/wp\/v2\/product\/238509","targetHints":{"allow":["GET"]}}],"collection":[{"href":"https:\/\/www.stangl-schilder.at\/shop\/wp-json\/wp\/v2\/product"}],"about":[{"href":"https:\/\/www.stangl-schilder.at\/shop\/wp-json\/wp\/v2\/types\/product"}],"replies":[{"embeddable":true,"href":"https:\/\/www.stangl-schilder.at\/shop\/wp-json\/wp\/v2\/comments?post=238509"}],"wp:featuredmedia":[{"embeddable":true,"href":"https:\/\/www.stangl-schilder.at\/shop\/wp-json\/wp\/v2\/media\/238512"}],"wp:attachment":[{"href":"https:\/\/www.stangl-schilder.at\/shop\/wp-json\/wp\/v2\/media?parent=238509"}],"wp:term":[{"taxonomy":"product_brand","embeddable":true,"href":"https:\/\/www.stangl-schilder.at\/shop\/wp-json\/wp\/v2\/product_brand?post=238509"},{"taxonomy":"product_cat","embeddable":true,"href":"https:\/\/www.stangl-schilder.at\/shop\/wp-json\/wp\/v2\/product_cat?post=238509"},{"taxonomy":"product_tag","embeddable":true,"href":"https:\/\/www.stangl-schilder.at\/shop\/wp-json\/wp\/v2\/product_tag?post=238509"}],"curies":[{"name":"wp","href":"https:\/\/api.w.org\/{rel}","templated":true}]}}