{"id":238224,"date":"2023-04-21T12:09:33","date_gmt":"2023-04-21T10:09:33","guid":{"rendered":"https:\/\/www.stangl-schilder.at\/shop\/?post_type=product&#038;p=238224"},"modified":"2026-01-01T17:20:56","modified_gmt":"2026-01-01T16:20:56","slug":"schraubfundamente-erdschraubanker-vertikalsteller","status":"publish","type":"product","link":"https:\/\/www.stangl-schilder.at\/shop\/produkt\/schraubfundamente-erdschraubanker-vertikalsteller\/","title":{"rendered":"Schraubfundamente (Erdschraubanker + Vertikalsteller)"},"content":{"rendered":"<p>[et_pb_section fb_built=&#8220;1&#8243; _builder_version=&#8220;4.16&#8243; custom_padding=&#8220;0px||||false|false&#8220; global_colors_info=&#8220;{}&#8220;][et_pb_row _builder_version=&#8220;4.16&#8243; background_size=&#8220;initial&#8220; background_position=&#8220;top_left&#8220; background_repeat=&#8220;repeat&#8220; width=&#8220;100%&#8220; custom_padding=&#8220;0px||0px||false|false&#8220; global_colors_info=&#8220;{}&#8220;][et_pb_column type=&#8220;4_4&#8243; _builder_version=&#8220;4.16&#8243; custom_padding=&#8220;|||&#8220; global_colors_info=&#8220;{}&#8220; custom_padding__hover=&#8220;|||&#8220;][et_pb_wc_breadcrumb _builder_version=&#8220;4.16&#8243; global_colors_info=&#8220;{}&#8220;][\/et_pb_wc_breadcrumb][et_pb_wc_cart_notice _builder_version=&#8220;4.16&#8243; global_colors_info=&#8220;{}&#8220;][\/et_pb_wc_cart_notice][\/et_pb_column][\/et_pb_row][et_pb_row column_structure=&#8220;1_2,1_2&#8243; _builder_version=&#8220;4.16&#8243; background_size=&#8220;initial&#8220; background_position=&#8220;top_left&#8220; background_repeat=&#8220;repeat&#8220; width=&#8220;100%&#8220; custom_padding=&#8220;0px||||false|false&#8220; global_colors_info=&#8220;{}&#8220;][et_pb_column type=&#8220;1_2&#8243; _builder_version=&#8220;4.16&#8243; custom_padding=&#8220;|||&#8220; global_colors_info=&#8220;{}&#8220; custom_padding__hover=&#8220;|||&#8220;][et_pb_wc_images _builder_version=&#8220;4.16&#8243; global_colors_info=&#8220;{}&#8220;][\/et_pb_wc_images][\/et_pb_column][et_pb_column type=&#8220;1_2&#8243; _builder_version=&#8220;4.16&#8243; custom_padding=&#8220;|||&#8220; global_colors_info=&#8220;{}&#8220; custom_padding__hover=&#8220;|||&#8220;][et_pb_wc_title _builder_version=&#8220;4.16&#8243; global_colors_info=&#8220;{}&#8220;][\/et_pb_wc_title][et_pb_wc_rating _builder_version=&#8220;4.16&#8243; global_colors_info=&#8220;{}&#8220;][\/et_pb_wc_rating][et_pb_wc_price _builder_version=&#8220;4.16&#8243; global_colors_info=&#8220;{}&#8220;][\/et_pb_wc_price][et_pb_wc_description _builder_version=&#8220;4.16&#8243; global_colors_info=&#8220;{}&#8220;][\/et_pb_wc_description][et_pb_wc_add_to_cart _builder_version=&#8220;4.16&#8243; global_colors_info=&#8220;{}&#8220;][\/et_pb_wc_add_to_cart][et_pb_wc_meta _builder_version=&#8220;4.16&#8243; global_colors_info=&#8220;{}&#8220;][\/et_pb_wc_meta][\/et_pb_column][\/et_pb_row][et_pb_row _builder_version=&#8220;4.16&#8243; background_size=&#8220;initial&#8220; background_position=&#8220;top_left&#8220; background_repeat=&#8220;repeat&#8220; width=&#8220;100%&#8220; global_colors_info=&#8220;{}&#8220;][et_pb_column type=&#8220;4_4&#8243; _builder_version=&#8220;4.16&#8243; custom_padding=&#8220;|||&#8220; global_colors_info=&#8220;{}&#8220; custom_padding__hover=&#8220;|||&#8220;][et_pb_wc_tabs _builder_version=&#8220;4.16&#8243; global_colors_info=&#8220;{}&#8220;]\t\t\t\t\t[\/et_pb_wc_tabs][\/et_pb_column][\/et_pb_row][et_pb_row _builder_version=&#8220;4.16&#8243; background_size=&#8220;initial&#8220; background_position=&#8220;top_left&#8220; background_repeat=&#8220;repeat&#8220; width=&#8220;100%&#8220; global_colors_info=&#8220;{}&#8220;][et_pb_column type=&#8220;4_4&#8243; _builder_version=&#8220;4.16&#8243; custom_padding=&#8220;|||&#8220; global_colors_info=&#8220;{}&#8220; custom_padding__hover=&#8220;|||&#8220;][et_pb_wc_upsells posts_number=&#8220;4&#8243; columns_number=&#8220;4&#8243; _builder_version=&#8220;4.16&#8243; global_colors_info=&#8220;{}&#8220;][\/et_pb_wc_upsells][\/et_pb_column][\/et_pb_row][\/et_pb_section]<\/p>\n","protected":false},"excerpt":{"rendered":"","protected":false},"featured_media":238225,"comment_status":"closed","ping_status":"closed","template":"","meta":{"_et_pb_use_builder":"on","_et_pb_old_content":"<strong>Funktionsprinzip Schraubfundamente:<\/strong> Mittels einfacher Montage durch Eindrehen k\u00f6nnen mit Schraubfundamenten erheblich Zeit und Kosten gespart werden, da Grabungs- und Betonierungsarbeiten g\u00e4nzlich entfallen. Zudem ergeben sich durch die Schraubfundamente v\u00f6llig neue und innovative Stellm\u00f6glichkeiten. Die Schraubfundamente k\u00f6nnen problemlos auch in bestehende\r\nbegr\u00fcnte, asphaltierte oder auch gepflasterte Fl\u00e4chen montiert werden, ohne das Gel\u00e4ndeumfeld zu beeintr\u00e4chtigen. Sie bieten h\u00f6chste Stabilit\u00e4t durch ihren Konusk\u00f6rper mit extra starker Spindel.\r\n\r\n<strong>Vorteile:\r\n<\/strong>\r\n<ul>\r\n \t<li>In allen B\u00f6den einsetzbar<\/li>\r\n \t<li>Gro\u00dfer Toleranzwinkel beim Senkrechtstellen der Rohrpfosten<\/li>\r\n \t<li>Schnelle und einfache Montage<\/li>\r\n \t<li>Schnelle und einfache Demontage<\/li>\r\n \t<li>Wiederverwendbar<\/li>\r\n \t<li>Umweltfreundlich da grundwasserneutral<\/li>\r\n \t<li>Langlebigkeit durch hohe Fertigungsqualit\u00e4t und Feuerverzinkung nach DIN<\/li>\r\n \t<li>H\u00f6chste Wind- und Schneelasten<\/li>\r\n \t<li>Variable Rohrdurchmesser (60 mm \u2013 76 mm)<\/li>\r\n \t<li>Sofort belastbar<\/li>\r\n \t<li>Jahreszeitenunabh\u00e4ngig einsetzbar<\/li>\r\n<\/ul>\r\nUnsere Schraubfundamente sind sehr hochwertig vearbeitet und in kurzer Zeit mit wenig Aufwand zu verarbeiten. Sie sind sehr vielseitig einsetzbar. Ob in Naturb\u00f6den, Schotter-, Erd- oder auch Fahrbahn-Bankettb\u00f6den, selbst im gefrorenden Zustand halten unsere Schraubfundamente im wahrsten Sinnde des Wortes Stand. Auch bei h\u00f6chsten Windgeschwindigkeiten sowie gro\u00dfen Schneeanpralllasten. Je nach Art der gew\u00fcnschten Verwendung geben wir Ihnen genau die richtige Empfehlung, welche Einstufung unserer Produkte und mit welchen Erg\u00e4nzungen sie diese ben\u00f6tigen. F\u00fcr Speziall\u00f6sungen und Sonderm\u00f6glichkeiten sind wir ebenfalls gerne Ihr Ansprechpartner.","_et_gb_content_width":""},"product_brand":[],"product_cat":[20,25],"product_tag":[],"class_list":{"0":"post-238224","1":"product","2":"type-product","3":"status-publish","4":"has-post-thumbnail","6":"product_cat-verkehrstechnik","7":"product_cat-aktionen-aktuelles","8":"product_shipping_class-erdschraubanker","10":"first","11":"instock","12":"taxable","13":"shipping-taxable","14":"purchasable","15":"product-type-variable"},"_links":{"self":[{"href":"https:\/\/www.stangl-schilder.at\/shop\/wp-json\/wp\/v2\/product\/238224","targetHints":{"allow":["GET"]}}],"collection":[{"href":"https:\/\/www.stangl-schilder.at\/shop\/wp-json\/wp\/v2\/product"}],"about":[{"href":"https:\/\/www.stangl-schilder.at\/shop\/wp-json\/wp\/v2\/types\/product"}],"replies":[{"embeddable":true,"href":"https:\/\/www.stangl-schilder.at\/shop\/wp-json\/wp\/v2\/comments?post=238224"}],"wp:featuredmedia":[{"embeddable":true,"href":"https:\/\/www.stangl-schilder.at\/shop\/wp-json\/wp\/v2\/media\/238225"}],"wp:attachment":[{"href":"https:\/\/www.stangl-schilder.at\/shop\/wp-json\/wp\/v2\/media?parent=238224"}],"wp:term":[{"taxonomy":"product_brand","embeddable":true,"href":"https:\/\/www.stangl-schilder.at\/shop\/wp-json\/wp\/v2\/product_brand?post=238224"},{"taxonomy":"product_cat","embeddable":true,"href":"https:\/\/www.stangl-schilder.at\/shop\/wp-json\/wp\/v2\/product_cat?post=238224"},{"taxonomy":"product_tag","embeddable":true,"href":"https:\/\/www.stangl-schilder.at\/shop\/wp-json\/wp\/v2\/product_tag?post=238224"}],"curies":[{"name":"wp","href":"https:\/\/api.w.org\/{rel}","templated":true}]}}