{"id":237981,"date":"2023-02-27T22:15:12","date_gmt":"2023-02-27T21:15:12","guid":{"rendered":"https:\/\/www.stangl-schilder.at\/shop\/?post_type=product&#038;p=237981"},"modified":"2026-02-02T12:24:50","modified_gmt":"2026-02-02T11:24:50","slug":"geschwindigkeitsanzeige-evolis-vision-solar-smiley","status":"publish","type":"product","link":"https:\/\/www.stangl-schilder.at\/shop\/produkt\/geschwindigkeitsanzeige-evolis-vision-solar-smiley\/","title":{"rendered":"Geschwindigkeitsanzeige EVOLIS Vision SOLAR Smiley &#8211; Grundger\u00e4t"},"content":{"rendered":"<p>[et_pb_section fb_built=&#8220;1&#8243; _builder_version=&#8220;4.16&#8243; custom_padding=&#8220;0px||||false|false&#8220; global_colors_info=&#8220;{}&#8220;][et_pb_row _builder_version=&#8220;4.16&#8243; background_size=&#8220;initial&#8220; background_position=&#8220;top_left&#8220; background_repeat=&#8220;repeat&#8220; width=&#8220;100%&#8220; custom_padding=&#8220;0px||0px||false|false&#8220; global_colors_info=&#8220;{}&#8220;][et_pb_column type=&#8220;4_4&#8243; _builder_version=&#8220;4.16&#8243; custom_padding=&#8220;|||&#8220; global_colors_info=&#8220;{}&#8220; custom_padding__hover=&#8220;|||&#8220;][et_pb_wc_breadcrumb _builder_version=&#8220;4.16&#8243; global_colors_info=&#8220;{}&#8220;][\/et_pb_wc_breadcrumb][et_pb_wc_cart_notice _builder_version=&#8220;4.16&#8243; global_colors_info=&#8220;{}&#8220;][\/et_pb_wc_cart_notice][\/et_pb_column][\/et_pb_row][et_pb_row column_structure=&#8220;1_2,1_2&#8243; _builder_version=&#8220;4.16&#8243; background_size=&#8220;initial&#8220; background_position=&#8220;top_left&#8220; background_repeat=&#8220;repeat&#8220; width=&#8220;100%&#8220; custom_padding=&#8220;0px||||false|false&#8220; global_colors_info=&#8220;{}&#8220;][et_pb_column type=&#8220;1_2&#8243; _builder_version=&#8220;4.16&#8243; custom_padding=&#8220;|||&#8220; global_colors_info=&#8220;{}&#8220; custom_padding__hover=&#8220;|||&#8220;][et_pb_wc_images _builder_version=&#8220;4.16&#8243; global_colors_info=&#8220;{}&#8220;][\/et_pb_wc_images][\/et_pb_column][et_pb_column type=&#8220;1_2&#8243; _builder_version=&#8220;4.16&#8243; custom_padding=&#8220;|||&#8220; global_colors_info=&#8220;{}&#8220; custom_padding__hover=&#8220;|||&#8220;][et_pb_wc_title _builder_version=&#8220;4.16&#8243; global_colors_info=&#8220;{}&#8220;][\/et_pb_wc_title][et_pb_wc_rating _builder_version=&#8220;4.16&#8243; global_colors_info=&#8220;{}&#8220;][\/et_pb_wc_rating][et_pb_wc_price _builder_version=&#8220;4.16&#8243; global_colors_info=&#8220;{}&#8220;][\/et_pb_wc_price][et_pb_wc_description _builder_version=&#8220;4.16&#8243; global_colors_info=&#8220;{}&#8220;][\/et_pb_wc_description][et_pb_wc_add_to_cart _builder_version=&#8220;4.16&#8243; global_colors_info=&#8220;{}&#8220;][\/et_pb_wc_add_to_cart][et_pb_wc_meta _builder_version=&#8220;4.16&#8243; global_colors_info=&#8220;{}&#8220;][\/et_pb_wc_meta][\/et_pb_column][\/et_pb_row][et_pb_row _builder_version=&#8220;4.16&#8243; background_size=&#8220;initial&#8220; background_position=&#8220;top_left&#8220; background_repeat=&#8220;repeat&#8220; width=&#8220;100%&#8220; global_colors_info=&#8220;{}&#8220;][et_pb_column type=&#8220;4_4&#8243; _builder_version=&#8220;4.16&#8243; custom_padding=&#8220;|||&#8220; global_colors_info=&#8220;{}&#8220; custom_padding__hover=&#8220;|||&#8220;][et_pb_wc_tabs _builder_version=&#8220;4.16&#8243; global_colors_info=&#8220;{}&#8220;]\t\t\t\t\t[\/et_pb_wc_tabs][\/et_pb_column][\/et_pb_row][et_pb_row column_structure=&#8220;1_3,1_3,1_3&#8243; _builder_version=&#8220;4.20.4&#8243; _module_preset=&#8220;default&#8220; global_colors_info=&#8220;{}&#8220;][et_pb_column type=&#8220;1_3&#8243; _builder_version=&#8220;4.20.4&#8243; _module_preset=&#8220;default&#8220; global_colors_info=&#8220;{}&#8220;][et_pb_image src=&#8220;https:\/\/www.stangl-schilder.at\/shop\/wp-content\/uploads\/Evolis-Geschwindigkeitsanzeige_AppleAppStore.jpg&#8220; alt=&#8220;Evolis-Geschwindigkeitsanzeige_AppleAppStore&#8220; align=&#8220;center&#8220; _builder_version=&#8220;4.20.4&#8243; _module_preset=&#8220;default&#8220; global_colors_info=&#8220;{}&#8220;][\/et_pb_image][\/et_pb_column][et_pb_column type=&#8220;1_3&#8243; _builder_version=&#8220;4.20.4&#8243; _module_preset=&#8220;default&#8220; global_colors_info=&#8220;{}&#8220;][et_pb_image src=&#8220;https:\/\/www.stangl-schilder.at\/shop\/wp-content\/uploads\/Evolis-Geschwindigkeitsanzeige_Statistik.jpg&#8220; alt=&#8220;Evolis-Geschwindigkeitsanzeige_Statistik&#8220; _builder_version=&#8220;4.20.4&#8243; _module_preset=&#8220;default&#8220; global_colors_info=&#8220;{}&#8220;][\/et_pb_image][\/et_pb_column][et_pb_column type=&#8220;1_3&#8243; _builder_version=&#8220;4.20.4&#8243; _module_preset=&#8220;default&#8220; global_colors_info=&#8220;{}&#8220;][et_pb_image src=&#8220;https:\/\/www.stangl-schilder.at\/shop\/wp-content\/uploads\/Evolis-Geschwindigkeitsanzeige_GooglePlayStore.jpg&#8220; alt=&#8220;Evolis-Geschwindigkeitsanzeige_GooglePlayStore&#8220; align=&#8220;center&#8220; _builder_version=&#8220;4.20.4&#8243; _module_preset=&#8220;default&#8220; global_colors_info=&#8220;{}&#8220;][\/et_pb_image][\/et_pb_column][\/et_pb_row][et_pb_row disabled_on=&#8220;off|off|off&#8220; _builder_version=&#8220;4.18.0&#8243; _module_preset=&#8220;default&#8220; width=&#8220;100%&#8220; locked=&#8220;off&#8220; global_colors_info=&#8220;{}&#8220;][et_pb_column type=&#8220;4_4&#8243; _builder_version=&#8220;4.16&#8243; _module_preset=&#8220;default&#8220; global_colors_info=&#8220;{}&#8220;][et_pb_tabs _builder_version=&#8220;4.24.2&#8243; _module_preset=&#8220;default&#8220; body_text_align=&#8220;center&#8220; width=&#8220;100%&#8220; locked=&#8220;off&#8220; global_colors_info=&#8220;{}&#8220;][et_pb_tab title=&#8220;Produktvideo&#8220; _builder_version=&#8220;4.24.2&#8243; _module_preset=&#8220;default&#8220; custom_padding_tablet=&#8220;&#8220; custom_padding_phone=&#8220;0px|0px|0px|0px|false|false&#8220; custom_padding_last_edited=&#8220;on|phone&#8220; custom_css_main_element=&#8220;height:100%;&#8220; global_colors_info=&#8220;{}&#8220;] <\/p>\n<div class=\"brlbs-cmpnt-container brlbs-cmpnt-content-blocker brlbs-cmpnt-with-individual-styles\" data-borlabs-cookie-content-blocker-id=\"default\" data-borlabs-cookie-content=\"PGlmcmFtZSB3aWR0aD0iNTYwIiBoZWlnaHQ9IjMxNSIgc3JjPSJodHRwczovL3d3dy55b3V0dWJlLW5vY29va2llLmNvbS9lbWJlZC9qamJCSEg4aGFLVT9zaT01M3lYdFFXR0lIbDRkTHlCIiB0aXRsZT0iWW91VHViZSB2aWRlbyBwbGF5ZXIiIGZyYW1lYm9yZGVyPSIwIiBhbGxvdz0iYWNjZWxlcm9tZXRlcjsgYXV0b3BsYXk7IGNsaXBib2FyZC13cml0ZTsgZW5jcnlwdGVkLW1lZGlhOyBneXJvc2NvcGU7IHBpY3R1cmUtaW4tcGljdHVyZTsgd2ViLXNoYXJlIiBhbGxvd2Z1bGxzY3JlZW4+PC9pZnJhbWU+\">\n<div class=\"brlbs-cmpnt-cb-preset-a\">\n<p class=\"brlbs-cmpnt-cb-description\">Sie sehen gerade einen Platzhalterinhalt von <strong>Standard<\/strong>. Um auf den eigentlichen Inhalt zuzugreifen, klicken Sie auf den Button unten. Bitte beachten Sie, dass dabei Daten an Drittanbieter weitergegeben werden.<\/p>\n<div class=\"brlbs-cmpnt-cb-buttons\"> <a class=\"brlbs-cmpnt-cb-btn\" href=\"#\" data-borlabs-cookie-unblock role=\"button\">Inhalt entsperren<\/a> <a class=\"brlbs-cmpnt-cb-btn\" href=\"#\" data-borlabs-cookie-accept-service role=\"button\" style=\"display: none\">Erforderlichen Service akzeptieren und Inhalte entsperren<\/a> <\/div>\n<p> <a class=\"brlbs-cmpnt-cb-provider-toggle\" href=\"#\" data-borlabs-cookie-show-provider-information role=\"button\">Weitere Informationen<\/a> <\/div>\n<\/div>\n<p>[\/et_pb_tab][\/et_pb_tabs][\/et_pb_column][\/et_pb_row][et_pb_row _builder_version=&#8220;4.16&#8243; background_size=&#8220;initial&#8220; background_position=&#8220;top_left&#8220; background_repeat=&#8220;repeat&#8220; width=&#8220;100%&#8220; global_colors_info=&#8220;{}&#8220;][et_pb_column type=&#8220;4_4&#8243; _builder_version=&#8220;4.16&#8243; custom_padding=&#8220;|||&#8220; global_colors_info=&#8220;{}&#8220; custom_padding__hover=&#8220;|||&#8220;][et_pb_wc_upsells posts_number=&#8220;4&#8243; columns_number=&#8220;4&#8243; _builder_version=&#8220;4.18.0&#8243; global_colors_info=&#8220;{}&#8220;][\/et_pb_wc_upsells][\/et_pb_column][\/et_pb_row][\/et_pb_section]<\/p>\n","protected":false},"excerpt":{"rendered":"<p><strong>Geschwindigkeitsanzeige EVOLIS Vision SOLAR Smiley \u2013 Solarbetriebene Version<br \/>\n<\/strong>Geschwindigkeitsanzeige f\u00fcr den Betrieb entweder mit AKKU (nicht im Lieferumfang) oder SOLAR (Solarpanel nicht im Lieferumfang) &#8211; Dreifarbige Anzeige &#8211; mit frei programmierbarem Textfeld! &#8211; Antenne mit gro\u00dfer Reichweite (bis zu 300m) &#8211; Aufzeichnung in beide Fahrtrichtungen &#8211; Verbindung \u00fcber Bluetooth und USB &#8211; GPRS Option m\u00f6glich &#8211; Betriebsbereit und voreingestellt &#8211; Geringes Gewicht &#8211; Telefonhotline &#8211; 2 Jahre Werksgarantie.<\/p>\n","protected":false},"featured_media":238822,"comment_status":"closed","ping_status":"closed","template":"","meta":{"_et_pb_use_builder":"on","_et_pb_old_content":"<h3>Geschwindigkeitsanzeige EVOLIS Vision SOLAR Smiley:<\/h3>\r\n<strong>ANZEIGE<\/strong>\r\n<strong>Ziffern:<\/strong> Ma\u00dfe: 450 x 380 mm (B x H), 3 Ziffern (von 0 bis 199), Farben: Gr\u00fcn \/ Bernstein \/ Rot, Sichtbarkeit: 3 LEDs \/ Reihe\r\n<strong>Smiley Farben:<\/strong> Gr\u00fcn - lachend \/ Rot \u2013 traurig, Ma\u00dfe: 300 x 300 mm, Anzeige im Wechsel mit Geschwindigkeit\r\n<strong>Textzeile Ma\u00dfe:<\/strong> 640 x 160 mm (B x H), Farbe: gelb, 1 Zeile mit 8 Zeichen oder 2 Zeilen mit je 11 Zeichen m\u00f6glich, Vorprogrammierte Texte und Piktogramme oder eigene Texte oder leichte Piktogramme sind m\u00f6glich\r\n<strong>Dioden:<\/strong> Oberfl\u00e4chenmontierte OSRAM Dioden, hohe Helligkeit bei geringem Verbrauch, Lebensdauer &gt;100.000 Stunden\r\n<strong>Fotosensible Zelle:<\/strong> Hochpr\u00e4ziser Sensor f\u00fcr Lichtanpassung\r\n<strong>Antiwettrenn- und Spion Funktion<\/strong>\r\n\r\n<strong>DOPPLERANTENNE<\/strong>\r\n<strong>Reichweite:<\/strong> Bis zu 300 m, Genauigkeit: +\/- 1 %, Erfassungswinkel 33 Grad, Frequenz 24,125 GHz\r\n\r\n<strong>VERKEHRSSTATISTIKEN<\/strong>\r\n<strong>Analyse:<\/strong> In beiden Fahrtrichtungen (ein-\/ausfahrend)\r\n<strong>Daten:<\/strong> Durchschnitts- und H\u00f6chstgeschwindigkeiten, Anzahl der Fahrzeuge, Zeitstempel, Perzentile (V30 \/ V50 \/ V85)\r\n<strong>Speicher:<\/strong> 16 MB oder bis zu 5 Millionen registrierte Fahrzeuge\r\n<strong>Betrieb:<\/strong> \u00dcber die Software, exportierbar in Excel, CSV oder PDF\r\n\r\n<strong>EINSTELLUNGEN<\/strong>\r\n<strong>Vor Ort:<\/strong> USB und Bluetooth\u00ae (PC, Tablet, Android- oder iOS-Smartphone mit der mobilen App) Kontrollbildschirm mit voreingestellten Geschwindigkeitszonen\r\n<strong>Ferngesteuert (optional):<\/strong> 4G-Modem und Webinterface (Betriebsstatus des Ger\u00e4ts und Analyse von Statistiken)\r\n\r\n<strong>GEH\u00c4USE<\/strong>\r\n<strong>Abmessungen:<\/strong> 710 x 770 x 160 mm (B x H x T), mit Platz f\u00fcr 2 Akkus,\r\n<strong>Gewicht:<\/strong> 9,2 kg (ohne Akkus)\r\n<strong>Material:<\/strong> ABS-Harz, UV-best\u00e4ndig, einteilige Struktur, Spritzguss\r\n<strong>Farbe:<\/strong> Grau, in der Masse gef\u00e4rbt, Wasserdichtheit: IP65\r\n<strong>Sicherheit:<\/strong> Kann mit einem Vorh\u00e4ngeschloss gesichert werden\r\n<strong>Handhabung:<\/strong> Zugang von au\u00dfen zum Akku, dem Kontrollbildschirm und dem USB-Anschluss. Gesichert durch 2 Schl\u00f6sser\r\n\r\n<strong>FRONTSEITE<\/strong>\r\nMaterial UV-behandeltes Polycarbonat, Design und Text: rot \/ wei\u00dfe Umrandung - Siebdrucktext \u00abSIE FAHREN\u00bb auf Innenseite\r\nForm: Gew\u00f6lbt f\u00fcr optimalen Schutz vor Projektilen\r\n\r\n<strong>STROMVERSORGUNG<\/strong>\r\n<strong>Akku:<\/strong> Bleiakku 12V 22Ah, Gewicht: 6,2 kg, Abmessungen: 181 x 76,2 x 167 mm (B x T x H)\r\n<strong>Solarbetrieb:<\/strong> 100 Watt Solarpanel, Monokristalline Zellen mit hohem Wirkungsgrad, Abmessungen: 806 x 680 x 35 mm (B x H x T), Laderegler\r\n\r\n<strong>KONFORMIT\u00c4T<\/strong>\r\n100% konform mit den europ\u00e4ischen Normen\r\n\r\n<strong>GARANTIE<\/strong>\r\n2 Jahre\r\n\r\n&nbsp;\r\n\r\n[video width=\"1920\" height=\"1080\" mp4=\"https:\/\/www.stangl-schilder.at\/shop\/wp-content\/uploads\/Evolis-Geschwindigkeitsanzeigen.mp4\" webm=\"https:\/\/www.stangl-schilder.at\/shop\/wp-content\/uploads\/Evolis-Geschwindigkeitsanzeigen.webm\"][\/video]","_et_gb_content_width":""},"product_brand":[],"product_cat":[143,150],"product_tag":[],"class_list":{"0":"post-237981","1":"product","2":"type-product","3":"status-publish","4":"has-post-thumbnail","6":"product_cat-strassensicherheit","7":"product_cat-geschwindigkeitsanzeigen-evolis-vision","8":"product_shipping_class-strassensicherheit","10":"first","11":"instock","12":"taxable","13":"shipping-taxable","14":"purchasable","15":"product-type-simple"},"_links":{"self":[{"href":"https:\/\/www.stangl-schilder.at\/shop\/wp-json\/wp\/v2\/product\/237981","targetHints":{"allow":["GET"]}}],"collection":[{"href":"https:\/\/www.stangl-schilder.at\/shop\/wp-json\/wp\/v2\/product"}],"about":[{"href":"https:\/\/www.stangl-schilder.at\/shop\/wp-json\/wp\/v2\/types\/product"}],"replies":[{"embeddable":true,"href":"https:\/\/www.stangl-schilder.at\/shop\/wp-json\/wp\/v2\/comments?post=237981"}],"wp:featuredmedia":[{"embeddable":true,"href":"https:\/\/www.stangl-schilder.at\/shop\/wp-json\/wp\/v2\/media\/238822"}],"wp:attachment":[{"href":"https:\/\/www.stangl-schilder.at\/shop\/wp-json\/wp\/v2\/media?parent=237981"}],"wp:term":[{"taxonomy":"product_brand","embeddable":true,"href":"https:\/\/www.stangl-schilder.at\/shop\/wp-json\/wp\/v2\/product_brand?post=237981"},{"taxonomy":"product_cat","embeddable":true,"href":"https:\/\/www.stangl-schilder.at\/shop\/wp-json\/wp\/v2\/product_cat?post=237981"},{"taxonomy":"product_tag","embeddable":true,"href":"https:\/\/www.stangl-schilder.at\/shop\/wp-json\/wp\/v2\/product_tag?post=237981"}],"curies":[{"name":"wp","href":"https:\/\/api.w.org\/{rel}","templated":true}]}}