{"id":237513,"date":"2022-09-01T16:39:25","date_gmt":"2022-09-01T14:39:25","guid":{"rendered":"https:\/\/www.stangl-schilder.at\/shop\/?post_type=product&#038;p=237513"},"modified":"2026-01-01T17:20:56","modified_gmt":"2026-01-01T16:20:56","slug":"smartpath-poller-ueberfahrbar-weiss","status":"publish","type":"product","link":"https:\/\/www.stangl-schilder.at\/shop\/produkt\/smartpath-poller-ueberfahrbar-weiss\/","title":{"rendered":"Smartpath Poller \u00fcberfahrbar wei\u00df"},"content":{"rendered":"<p>[et_pb_section fb_built=&#8220;1&#8243; _builder_version=&#8220;4.16&#8243; custom_padding=&#8220;0px||||false|false&#8220; global_colors_info=&#8220;{}&#8220;][et_pb_row _builder_version=&#8220;4.16&#8243; background_size=&#8220;initial&#8220; background_position=&#8220;top_left&#8220; background_repeat=&#8220;repeat&#8220; width=&#8220;100%&#8220; custom_padding=&#8220;0px||0px||false|false&#8220; global_colors_info=&#8220;{}&#8220;][et_pb_column type=&#8220;4_4&#8243; _builder_version=&#8220;4.16&#8243; custom_padding=&#8220;|||&#8220; global_colors_info=&#8220;{}&#8220; custom_padding__hover=&#8220;|||&#8220;][et_pb_wc_breadcrumb _builder_version=&#8220;4.16&#8243; global_colors_info=&#8220;{}&#8220;][\/et_pb_wc_breadcrumb][et_pb_wc_cart_notice _builder_version=&#8220;4.16&#8243; global_colors_info=&#8220;{}&#8220;][\/et_pb_wc_cart_notice][\/et_pb_column][\/et_pb_row][et_pb_row column_structure=&#8220;1_2,1_2&#8243; _builder_version=&#8220;4.16&#8243; background_size=&#8220;initial&#8220; background_position=&#8220;top_left&#8220; background_repeat=&#8220;repeat&#8220; width=&#8220;100%&#8220; custom_padding=&#8220;0px||||false|false&#8220; global_colors_info=&#8220;{}&#8220;][et_pb_column type=&#8220;1_2&#8243; _builder_version=&#8220;4.16&#8243; custom_padding=&#8220;|||&#8220; global_colors_info=&#8220;{}&#8220; custom_padding__hover=&#8220;|||&#8220;][et_pb_wc_images _builder_version=&#8220;4.16&#8243; global_colors_info=&#8220;{}&#8220;][\/et_pb_wc_images][\/et_pb_column][et_pb_column type=&#8220;1_2&#8243; _builder_version=&#8220;4.16&#8243; custom_padding=&#8220;|||&#8220; global_colors_info=&#8220;{}&#8220; custom_padding__hover=&#8220;|||&#8220;][et_pb_wc_title _builder_version=&#8220;4.16&#8243; global_colors_info=&#8220;{}&#8220;][\/et_pb_wc_title][et_pb_wc_rating _builder_version=&#8220;4.16&#8243; global_colors_info=&#8220;{}&#8220;][\/et_pb_wc_rating][et_pb_wc_price _builder_version=&#8220;4.16&#8243; global_colors_info=&#8220;{}&#8220;][\/et_pb_wc_price][et_pb_wc_description _builder_version=&#8220;4.16&#8243; global_colors_info=&#8220;{}&#8220;][\/et_pb_wc_description][et_pb_wc_add_to_cart _builder_version=&#8220;4.16&#8243; global_colors_info=&#8220;{}&#8220;][\/et_pb_wc_add_to_cart][et_pb_wc_meta _builder_version=&#8220;4.16&#8243; global_colors_info=&#8220;{}&#8220;][\/et_pb_wc_meta][\/et_pb_column][\/et_pb_row][et_pb_row disabled_on=&#8220;off|off|off&#8220; _builder_version=&#8220;4.18.0&#8243; _module_preset=&#8220;default&#8220; width=&#8220;100%&#8220; locked=&#8220;off&#8220; global_colors_info=&#8220;{}&#8220;][et_pb_column type=&#8220;4_4&#8243; _builder_version=&#8220;4.16&#8243; _module_preset=&#8220;default&#8220; global_colors_info=&#8220;{}&#8220;][et_pb_text _builder_version=&#8220;4.16&#8243; _module_preset=&#8220;default&#8220; global_colors_info=&#8220;{}&#8220;]<\/p>\n<h2>Produkt in 3D \/ AR ansehen:<\/h2>\n<p>[\/et_pb_text][et_pb_tabs _builder_version=&#8220;4.20.0&#8243; _module_preset=&#8220;default&#8220; body_text_align=&#8220;center&#8220; width=&#8220;100%&#8220; global_colors_info=&#8220;{}&#8220;][et_pb_tab title=&#8220;Artikel-Nr. 11-PWEF880&#8243; _builder_version=&#8220;4.18.0&#8243; _module_preset=&#8220;default&#8220; custom_padding_tablet=&#8220;&#8220; custom_padding_phone=&#8220;0px|0px|0px|0px|false|false&#8220; custom_padding_last_edited=&#8220;on|phone&#8220; custom_css_main_element=&#8220;height:100%;&#8220; global_colors_info=&#8220;{}&#8220;] <div class=\"brlbs-cmpnt-container brlbs-cmpnt-content-blocker brlbs-cmpnt-with-individual-styles\" data-borlabs-cookie-content-blocker-id=\"sketchfab\" data-borlabs-cookie-content=\"IDwvcD4KPGRpdiBjbGFzcz0iYnJsYnMtY21wbnQtY29udGFpbmVyIGJybGJzLWNtcG50LWNvbnRlbnQtYmxvY2tlciBicmxicy1jbXBudC13aXRoLWluZGl2aWR1YWwtc3R5bGVzIiBkYXRhLWJvcmxhYnMtY29va2llLWNvbnRlbnQtYmxvY2tlci1pZD0ic2tldGNoZmFiIiBkYXRhLWJvcmxhYnMtY29va2llLWNvbnRlbnQ9IlBHbG1jbUZ0WlNCMGFYUnNaVDBpVUc5c2JHVnlMVmRsYVhOekxVZzRNREF0UkU0NE1DSWdjM0pqUFNKb2RIUndjem92TDNOclpYUmphR1poWWk1amIyMHZiVzlrWld4ekx6UXdZak00TnpFME1EWXpaRFF6WTJFNE9UQmxOalF6WmpNeU9UbG1aRFZrTDJWdFltVmtQMkYxZEc5emNHbHVQVEVtWVcxd08yRjFkRzl6ZEdGeWREMHhKbUZ0Y0R0MWFWOXBibVp2Y3owd0ptRnRjRHQxYVY5cGJuTndaV04wYjNJOU1DWmhiWEE3ZFdsZmQyRjBaWEp0WVhKclgyeHBibXM5TUNaaGJYQTdkV2xmZDJGMFpYSnRZWEpyUFRBbVlXMXdPM1ZwWDNaeVBUQW1ZVzF3TzJSdWREMHhJaUIzYVdSMGFEMGlPVFV3SWlCb1pXbG5hSFE5SWpVek1DSWdabkpoYldWaWIzSmtaWEk5SWpBaUlHRnNiRzkzWm5Wc2JITmpjbVZsYmowaVlXeHNiM2RtZFd4c2MyTnlaV1Z1SWo0OEwybG1jbUZ0WlQ0PSI+CjxkaXYgY2xhc3M9ImJybGJzLWNtcG50LWNiLXByZXNldC1iIGJybGJzLWNtcG50LWNiLXNrZXRjaGZhYiI+CjxkaXYgY2xhc3M9ImJybGJzLWNtcG50LWNiLXRodW1ibmFpbCIgc3R5bGU9ImJhY2tncm91bmQtaW1hZ2U6IHVybCgnaHR0cHM6Ly93d3cuc3RhbmdsLXNjaGlsZGVyLmF0L3Nob3Avd3AtY29udGVudC91cGxvYWRzL2JvcmxhYnMtY29va2llLzEvYmN0LW1hdHRlcnBvcnQtbWFpbi5wbmcnKSI+PC9kaXY+CjxkaXYgY2xhc3M9ImJybGJzLWNtcG50LWNiLW1haW4iPgo8ZGl2IGNsYXNzPSJicmxicy1jbXBudC1jYi1jb250ZW50Ij4KPHAgY2xhc3M9ImJybGJzLWNtcG50LWNiLWRlc2NyaXB0aW9uIj5TaWUgc2VoZW4gZ2VyYWRlIGVpbmVuIFBsYXR6aGFsdGVyaW5oYWx0IHZvbiA8c3Ryb25nPlNrZXRjaGZhYjwvc3Ryb25nPi4gVW0gYXVmIGRlbiBlaWdlbnRsaWNoZW4gSW5oYWx0IHp1enVncmVpZmVuLCBrbGlja2VuIFNpZSBhdWYgZGllIFNjaGFsdGZsw6RjaGUgdW50ZW4uIEJpdHRlIGJlYWNodGVuIFNpZSwgZGFzcyBkYWJlaSBEYXRlbiBhbiBEcml0dGFuYmlldGVyIHdlaXRlcmdlZ2ViZW4gd2VyZGVuLjwvcD4KPHA+IDxhIGNsYXNzPSJicmxicy1jbXBudC1jYi1wcm92aWRlci10b2dnbGUiIGhyZWY9IiMiIGRhdGEtYm9ybGFicy1jb29raWUtc2hvdy1wcm92aWRlci1pbmZvcm1hdGlvbiByb2xlPSJidXR0b24iPk1laHIgSW5mb3JtYXRpb25lbjwvYT4gPC9kaXY+CjxkaXYgY2xhc3M9ImJybGJzLWNtcG50LWNiLWJ1dHRvbnMiPiA8YSBjbGFzcz0iYnJsYnMtY21wbnQtY2ItYnRuIiBocmVmPSIjIiBkYXRhLWJvcmxhYnMtY29va2llLXVuYmxvY2sgcm9sZT0iYnV0dG9uIj5JbmhhbHQgZW50c3BlcnJlbjwvYT4gPGEgY2xhc3M9ImJybGJzLWNtcG50LWNiLWJ0biIgaHJlZj0iIyIgZGF0YS1ib3JsYWJzLWNvb2tpZS1hY2NlcHQtc2VydmljZSByb2xlPSJidXR0b24iIHN0eWxlPSJkaXNwbGF5OiBpbmhlcml0Ij5FcmZvcmRlcmxpY2hlbiBTZXJ2aWNlIGFremVwdGllcmVuIHVuZCBJbmhhbHRlIGVudHNwZXJyZW48L2E+IDwvZGl2Pgo8L3A+PC9kaXY+CjwvcD48L2Rpdj4KPC9kaXY+CjxwPg==\"><div class=\"brlbs-cmpnt-cb-preset-b brlbs-cmpnt-cb-sketchfab\"> <div class=\"brlbs-cmpnt-cb-thumbnail\" style=\"background-image: url('https:\/\/www.stangl-schilder.at\/shop\/wp-content\/uploads\/borlabs-cookie\/1\/bct-matterport-main.png')\"><\/div> <div class=\"brlbs-cmpnt-cb-main\"> <div class=\"brlbs-cmpnt-cb-content\"> <p class=\"brlbs-cmpnt-cb-description\">Sie sehen gerade einen Platzhalterinhalt von <strong>Sketchfab<\/strong>. Um auf den eigentlichen Inhalt zuzugreifen, klicken Sie auf die Schaltfl\u00e4che unten. Bitte beachten Sie, dass dabei Daten an Drittanbieter weitergegeben werden.<\/p> <a class=\"brlbs-cmpnt-cb-provider-toggle\" href=\"#\" data-borlabs-cookie-show-provider-information role=\"button\">Mehr Informationen<\/a> <\/div> <div class=\"brlbs-cmpnt-cb-buttons\"> <a class=\"brlbs-cmpnt-cb-btn\" href=\"#\" data-borlabs-cookie-unblock role=\"button\">Inhalt entsperren<\/a> <a class=\"brlbs-cmpnt-cb-btn\" href=\"#\" data-borlabs-cookie-accept-service role=\"button\" style=\"display: inherit\">Erforderlichen Service akzeptieren und Inhalte entsperren<\/a> <\/div> <\/div> <\/div><\/div>[\/et_pb_tab][et_pb_tab title=&#8220;Artikel-Nr. 11-PWEL880&#8243; _builder_version=&#8220;4.18.0&#8243; _module_preset=&#8220;default&#8220; custom_padding_tablet=&#8220;&#8220; custom_padding_phone=&#8220;0px|0px|0px|0px|false|false&#8220; custom_padding_last_edited=&#8220;on|phone&#8220; custom_css_main_element=&#8220;height:100%;&#8220; global_colors_info=&#8220;{}&#8220;] <div class=\"brlbs-cmpnt-container brlbs-cmpnt-content-blocker brlbs-cmpnt-with-individual-styles\" data-borlabs-cookie-content-blocker-id=\"sketchfab\" data-borlabs-cookie-content=\"IDwvcD4KPGRpdiBjbGFzcz0iYnJsYnMtY21wbnQtY29udGFpbmVyIGJybGJzLWNtcG50LWNvbnRlbnQtYmxvY2tlciBicmxicy1jbXBudC13aXRoLWluZGl2aWR1YWwtc3R5bGVzIiBkYXRhLWJvcmxhYnMtY29va2llLWNvbnRlbnQtYmxvY2tlci1pZD0ic2tldGNoZmFiIiBkYXRhLWJvcmxhYnMtY29va2llLWNvbnRlbnQ9IlBHbG1jbUZ0WlNCMGFYUnNaVDBpVUc5c2JHVnlMVmRsYVhOekxVZzRNREF0UkU0NE1DMU1SVVF0UzI5d1ppSWdjM0pqUFNKb2RIUndjem92TDNOclpYUmphR1poWWk1amIyMHZiVzlrWld4ekwyTXhOR1k1T1RBMFpXVTBZVFF4WTJFNU5HRmtNMk01WkRneVpqWm1aakJqTDJWdFltVmtQMkYxZEc5emNHbHVQVEVtWVcxd08yRjFkRzl6ZEdGeWREMHhKbUZ0Y0R0MWFWOXBibVp2Y3owd0ptRnRjRHQxYVY5cGJuTndaV04wYjNJOU1DWmhiWEE3ZFdsZmQyRjBaWEp0WVhKclgyeHBibXM5TUNaaGJYQTdkV2xmZDJGMFpYSnRZWEpyUFRBbVlXMXdPM1ZwWDNaeVBUQW1ZVzF3TzJSdWREMHhJaUIzYVdSMGFEMGlPVFV3SWlCb1pXbG5hSFE5SWpVek1DSWdabkpoYldWaWIzSmtaWEk5SWpBaUlHRnNiRzkzWm5Wc2JITmpjbVZsYmowaVlXeHNiM2RtZFd4c2MyTnlaV1Z1SWo0OEwybG1jbUZ0WlQ0PSI+CjxkaXYgY2xhc3M9ImJybGJzLWNtcG50LWNiLXByZXNldC1iIGJybGJzLWNtcG50LWNiLXNrZXRjaGZhYiI+CjxkaXYgY2xhc3M9ImJybGJzLWNtcG50LWNiLXRodW1ibmFpbCIgc3R5bGU9ImJhY2tncm91bmQtaW1hZ2U6IHVybCgnaHR0cHM6Ly93d3cuc3RhbmdsLXNjaGlsZGVyLmF0L3Nob3Avd3AtY29udGVudC91cGxvYWRzL2JvcmxhYnMtY29va2llLzEvYmN0LW1hdHRlcnBvcnQtbWFpbi5wbmcnKSI+PC9kaXY+CjxkaXYgY2xhc3M9ImJybGJzLWNtcG50LWNiLW1haW4iPgo8ZGl2IGNsYXNzPSJicmxicy1jbXBudC1jYi1jb250ZW50Ij4KPHAgY2xhc3M9ImJybGJzLWNtcG50LWNiLWRlc2NyaXB0aW9uIj5TaWUgc2VoZW4gZ2VyYWRlIGVpbmVuIFBsYXR6aGFsdGVyaW5oYWx0IHZvbiA8c3Ryb25nPlNrZXRjaGZhYjwvc3Ryb25nPi4gVW0gYXVmIGRlbiBlaWdlbnRsaWNoZW4gSW5oYWx0IHp1enVncmVpZmVuLCBrbGlja2VuIFNpZSBhdWYgZGllIFNjaGFsdGZsw6RjaGUgdW50ZW4uIEJpdHRlIGJlYWNodGVuIFNpZSwgZGFzcyBkYWJlaSBEYXRlbiBhbiBEcml0dGFuYmlldGVyIHdlaXRlcmdlZ2ViZW4gd2VyZGVuLjwvcD4KPHA+IDxhIGNsYXNzPSJicmxicy1jbXBudC1jYi1wcm92aWRlci10b2dnbGUiIGhyZWY9IiMiIGRhdGEtYm9ybGFicy1jb29raWUtc2hvdy1wcm92aWRlci1pbmZvcm1hdGlvbiByb2xlPSJidXR0b24iPk1laHIgSW5mb3JtYXRpb25lbjwvYT4gPC9kaXY+CjxkaXYgY2xhc3M9ImJybGJzLWNtcG50LWNiLWJ1dHRvbnMiPiA8YSBjbGFzcz0iYnJsYnMtY21wbnQtY2ItYnRuIiBocmVmPSIjIiBkYXRhLWJvcmxhYnMtY29va2llLXVuYmxvY2sgcm9sZT0iYnV0dG9uIj5JbmhhbHQgZW50c3BlcnJlbjwvYT4gPGEgY2xhc3M9ImJybGJzLWNtcG50LWNiLWJ0biIgaHJlZj0iIyIgZGF0YS1ib3JsYWJzLWNvb2tpZS1hY2NlcHQtc2VydmljZSByb2xlPSJidXR0b24iIHN0eWxlPSJkaXNwbGF5OiBpbmhlcml0Ij5FcmZvcmRlcmxpY2hlbiBTZXJ2aWNlIGFremVwdGllcmVuIHVuZCBJbmhhbHRlIGVudHNwZXJyZW48L2E+IDwvZGl2Pgo8L3A+PC9kaXY+CjwvcD48L2Rpdj4KPC9kaXY+CjxwPg==\"><div class=\"brlbs-cmpnt-cb-preset-b brlbs-cmpnt-cb-sketchfab\"> <div class=\"brlbs-cmpnt-cb-thumbnail\" style=\"background-image: url('https:\/\/www.stangl-schilder.at\/shop\/wp-content\/uploads\/borlabs-cookie\/1\/bct-matterport-main.png')\"><\/div> <div class=\"brlbs-cmpnt-cb-main\"> <div class=\"brlbs-cmpnt-cb-content\"> <p class=\"brlbs-cmpnt-cb-description\">Sie sehen gerade einen Platzhalterinhalt von <strong>Sketchfab<\/strong>. Um auf den eigentlichen Inhalt zuzugreifen, klicken Sie auf die Schaltfl\u00e4che unten. Bitte beachten Sie, dass dabei Daten an Drittanbieter weitergegeben werden.<\/p> <a class=\"brlbs-cmpnt-cb-provider-toggle\" href=\"#\" data-borlabs-cookie-show-provider-information role=\"button\">Mehr Informationen<\/a> <\/div> <div class=\"brlbs-cmpnt-cb-buttons\"> <a class=\"brlbs-cmpnt-cb-btn\" href=\"#\" data-borlabs-cookie-unblock role=\"button\">Inhalt entsperren<\/a> <a class=\"brlbs-cmpnt-cb-btn\" href=\"#\" data-borlabs-cookie-accept-service role=\"button\" style=\"display: inherit\">Erforderlichen Service akzeptieren und Inhalte entsperren<\/a> <\/div> <\/div> <\/div><\/div>[\/et_pb_tab][\/et_pb_tabs][\/et_pb_column][\/et_pb_row][et_pb_row _builder_version=&#8220;4.16&#8243; background_size=&#8220;initial&#8220; background_position=&#8220;top_left&#8220; background_repeat=&#8220;repeat&#8220; width=&#8220;100%&#8220; global_colors_info=&#8220;{}&#8220;][et_pb_column type=&#8220;4_4&#8243; _builder_version=&#8220;4.16&#8243; custom_padding=&#8220;|||&#8220; global_colors_info=&#8220;{}&#8220; custom_padding__hover=&#8220;|||&#8220;][et_pb_wc_tabs _builder_version=&#8220;4.16&#8243; global_colors_info=&#8220;{}&#8220;]\t\t\t\t\t[\/et_pb_wc_tabs][\/et_pb_column][\/et_pb_row][et_pb_row _builder_version=&#8220;4.16&#8243; background_size=&#8220;initial&#8220; background_position=&#8220;top_left&#8220; background_repeat=&#8220;repeat&#8220; width=&#8220;100%&#8220; global_colors_info=&#8220;{}&#8220;][et_pb_column type=&#8220;4_4&#8243; _builder_version=&#8220;4.16&#8243; custom_padding=&#8220;|||&#8220; global_colors_info=&#8220;{}&#8220; custom_padding__hover=&#8220;|||&#8220;][et_pb_wc_upsells posts_number=&#8220;4&#8243; columns_number=&#8220;4&#8243; _builder_version=&#8220;4.18.0&#8243; global_colors_info=&#8220;{}&#8220;][\/et_pb_wc_upsells][\/et_pb_column][\/et_pb_row][\/et_pb_section]<\/p>\n","protected":false},"excerpt":{"rendered":"<p>Smartpath Poller-Absperrpfosten &#8211; wei\u00df &#8211; \u00fcberfahrbar &#8211; flexibel &#8211; selbstaufrichtend &#8211; langlebig &#8211; aus hochflexiblem Polyurethan &#8211; UV-best\u00e4ndig &#8211; Kappe flach oder Solarpaneel mit LED &#8211; Reflexstreifen &#8211; Glasperlen-Reflektor.<\/p>\n","protected":false},"featured_media":238051,"comment_status":"closed","ping_status":"closed","template":"","meta":{"_et_pb_use_builder":"on","_et_pb_old_content":"<h2>Flexibler Poller-Absperrpfosten wei\u00df<\/h2>\r\nSmartpath-Poller aus hochflexiblem Polyurethan - Farbe wei\u00df - Durchmesser 80mm, Schraubendurchmesser 16mm - inklusiv Metallst\u00fctze 22mm - Kappe oben flach oder Solarpaneel mit LED - Reflexstreifen in blau, rot oder wei\u00df 50mm Folie Typ 3 - mit Glasperlen-Reflektor 18 St\u00fcck (1-reihig) wei\u00df am Sockel - langlebig = bis zu 1000 x \u00fcberfahrbar - 100 % selbstaufrichtend - schnelle und einfache Montage (Bohrloch 24mm) - Herstellung gem. EN 13422.\r\n\r\nZus\u00e4tzliche Informationen:\r\n\r\nFarbe: wei\u00df\r\nDurchmesser: 80mm\r\nH\u00f6he: 800mm\r\nKappe oben: flach oder Solarpaneel mit LED\r\nSchraubendurchmesser: 16mm\r\nMetallst\u00fctze: 22mm\r\n\r\nMontageinfo: Bohrloch Durchmesser 24mm - Montagekleber erforderlich.\r\n\r\nProduktvorteile: 100 % selbstaufrichtend - Optimale Sichtbarkeit bei Dunkelheit durch die hochreflektierenden blauen, roten oder wei\u00dfen Streifen 50mm oben und einen 1-reihigen Glasperlenreflektor unten am Sockel - UV-best\u00e4ndig - schnelle und einfache Montage.","_et_gb_content_width":""},"product_brand":[],"product_cat":[19,25,131],"product_tag":[],"class_list":{"0":"post-237513","1":"product","2":"type-product","3":"status-publish","4":"has-post-thumbnail","6":"product_cat-poller-absperrpfosten","7":"product_cat-aktionen-aktuelles","8":"product_cat-poller-ueberfahrbar","10":"first","11":"instock","12":"taxable","13":"shipping-taxable","14":"purchasable","15":"product-type-variable"},"_links":{"self":[{"href":"https:\/\/www.stangl-schilder.at\/shop\/wp-json\/wp\/v2\/product\/237513","targetHints":{"allow":["GET"]}}],"collection":[{"href":"https:\/\/www.stangl-schilder.at\/shop\/wp-json\/wp\/v2\/product"}],"about":[{"href":"https:\/\/www.stangl-schilder.at\/shop\/wp-json\/wp\/v2\/types\/product"}],"replies":[{"embeddable":true,"href":"https:\/\/www.stangl-schilder.at\/shop\/wp-json\/wp\/v2\/comments?post=237513"}],"wp:featuredmedia":[{"embeddable":true,"href":"https:\/\/www.stangl-schilder.at\/shop\/wp-json\/wp\/v2\/media\/238051"}],"wp:attachment":[{"href":"https:\/\/www.stangl-schilder.at\/shop\/wp-json\/wp\/v2\/media?parent=237513"}],"wp:term":[{"taxonomy":"product_brand","embeddable":true,"href":"https:\/\/www.stangl-schilder.at\/shop\/wp-json\/wp\/v2\/product_brand?post=237513"},{"taxonomy":"product_cat","embeddable":true,"href":"https:\/\/www.stangl-schilder.at\/shop\/wp-json\/wp\/v2\/product_cat?post=237513"},{"taxonomy":"product_tag","embeddable":true,"href":"https:\/\/www.stangl-schilder.at\/shop\/wp-json\/wp\/v2\/product_tag?post=237513"}],"curies":[{"name":"wp","href":"https:\/\/api.w.org\/{rel}","templated":true}]}}