{"id":236506,"date":"2021-06-08T18:10:17","date_gmt":"2021-06-08T16:10:17","guid":{"rendered":"https:\/\/www.stangl-schilder.at\/shop\/?post_type=product&#038;p=236506"},"modified":"2025-11-16T17:52:20","modified_gmt":"2025-11-16T16:52:20","slug":"led-akku-rundumleuchte-ece-r65-mit-magnetfuss-klar-gelb","status":"publish","type":"product","link":"https:\/\/www.stangl-schilder.at\/shop\/produkt\/led-akku-rundumleuchte-ece-r65-mit-magnetfuss-klar-gelb\/","title":{"rendered":"LED-AKKU-Rundumleuchte ECE-R65 mit Magnetfu\u00df &#8211; klar-gelb"},"content":{"rendered":"<p>[et_pb_section fb_built=&#8220;1&#8243; _builder_version=&#8220;4.16&#8243; custom_padding=&#8220;0px||||false|false&#8220; global_colors_info=&#8220;{}&#8220;][et_pb_row _builder_version=&#8220;4.16&#8243; background_size=&#8220;initial&#8220; background_position=&#8220;top_left&#8220; background_repeat=&#8220;repeat&#8220; width=&#8220;100%&#8220; custom_padding=&#8220;0px||0px||false|false&#8220; global_colors_info=&#8220;{}&#8220;][et_pb_column type=&#8220;4_4&#8243; _builder_version=&#8220;4.16&#8243; custom_padding=&#8220;|||&#8220; global_colors_info=&#8220;{}&#8220; custom_padding__hover=&#8220;|||&#8220;][et_pb_wc_breadcrumb _builder_version=&#8220;4.16&#8243; global_colors_info=&#8220;{}&#8220;][\/et_pb_wc_breadcrumb][et_pb_wc_cart_notice _builder_version=&#8220;4.16&#8243; global_colors_info=&#8220;{}&#8220;][\/et_pb_wc_cart_notice][\/et_pb_column][\/et_pb_row][et_pb_row column_structure=&#8220;1_2,1_2&#8243; _builder_version=&#8220;4.16&#8243; background_size=&#8220;initial&#8220; background_position=&#8220;top_left&#8220; background_repeat=&#8220;repeat&#8220; width=&#8220;100%&#8220; custom_padding=&#8220;0px||||false|false&#8220; global_colors_info=&#8220;{}&#8220;][et_pb_column type=&#8220;1_2&#8243; _builder_version=&#8220;4.16&#8243; custom_padding=&#8220;|||&#8220; global_colors_info=&#8220;{}&#8220; custom_padding__hover=&#8220;|||&#8220;][et_pb_wc_images _builder_version=&#8220;4.16&#8243; global_colors_info=&#8220;{}&#8220;][\/et_pb_wc_images][\/et_pb_column][et_pb_column type=&#8220;1_2&#8243; _builder_version=&#8220;4.16&#8243; custom_padding=&#8220;|||&#8220; global_colors_info=&#8220;{}&#8220; custom_padding__hover=&#8220;|||&#8220;][et_pb_wc_title _builder_version=&#8220;4.16&#8243; global_colors_info=&#8220;{}&#8220;][\/et_pb_wc_title][et_pb_wc_rating _builder_version=&#8220;4.16&#8243; global_colors_info=&#8220;{}&#8220;][\/et_pb_wc_rating][et_pb_wc_price _builder_version=&#8220;4.16&#8243; global_colors_info=&#8220;{}&#8220;][\/et_pb_wc_price][et_pb_wc_description _builder_version=&#8220;4.16&#8243; global_colors_info=&#8220;{}&#8220;][\/et_pb_wc_description][et_pb_wc_add_to_cart _builder_version=&#8220;4.16&#8243; fields_custom_padding=&#8220;||||false|false&#8220; global_colors_info=&#8220;{}&#8220;][\/et_pb_wc_add_to_cart][et_pb_wc_meta _builder_version=&#8220;4.16&#8243; global_colors_info=&#8220;{}&#8220;][\/et_pb_wc_meta][\/et_pb_column][\/et_pb_row][et_pb_row _builder_version=&#8220;4.16&#8243; background_size=&#8220;initial&#8220; background_position=&#8220;top_left&#8220; background_repeat=&#8220;repeat&#8220; width=&#8220;100%&#8220; global_colors_info=&#8220;{}&#8220;][et_pb_column type=&#8220;4_4&#8243; _builder_version=&#8220;4.16&#8243; custom_padding=&#8220;|||&#8220; global_colors_info=&#8220;{}&#8220; custom_padding__hover=&#8220;|||&#8220;][et_pb_wc_tabs _builder_version=&#8220;4.16&#8243; global_colors_info=&#8220;{}&#8220;]\t\t\t\t\t[\/et_pb_wc_tabs][\/et_pb_column][\/et_pb_row][et_pb_row _builder_version=&#8220;4.16&#8243; background_size=&#8220;initial&#8220; background_position=&#8220;top_left&#8220; background_repeat=&#8220;repeat&#8220; width=&#8220;100%&#8220; global_colors_info=&#8220;{}&#8220;][et_pb_column type=&#8220;4_4&#8243; _builder_version=&#8220;4.16&#8243; custom_padding=&#8220;|||&#8220; global_colors_info=&#8220;{}&#8220; custom_padding__hover=&#8220;|||&#8220;][et_pb_wc_upsells posts_number=&#8220;4&#8243; columns_number=&#8220;4&#8243; _builder_version=&#8220;4.16&#8243; global_colors_info=&#8220;{}&#8220;][\/et_pb_wc_upsells][\/et_pb_column][\/et_pb_row][\/et_pb_section]<\/p>\n","protected":false},"excerpt":{"rendered":"<p>LED-AKKU-Rundumleuchte mit Magnetfu\u00df, klar\/gelb, Akku-Ladevorgang \u00fcber Zigarettenanz\u00fcnder, H\u00f6he: 90mm, Breite: 125mm, 12V \u00fcber Zigarettenanz\u00fcnder-Stecker.<br \/>\nVPE: 1 St\u00fcck.<\/p>\n","protected":false},"featured_media":236521,"comment_status":"closed","ping_status":"closed","template":"","meta":{"_et_pb_use_builder":"on","_et_pb_old_content":"LED-Rundumleuchte ECE-R65 AKKU iON mit Magnetfu\u00df, klar\/gelb, Akku-Ladevorgang \u00fcber Zigarettenanz\u00fcnder, H\u00f6he: 90mm, Breite: 125mm, Spannungsversorgung: 12V \u00fcber Zigarettenanz\u00fcnder-Stecker, Leistung: 19W, Anzahl LED\u00b4s: 12 LEDS a 3W, Blitzmuster: Doppelblitz, Bauartpr\u00fcfung: ECE-R65\/R10, Akku-Ladevorgang von 3 Stunden \u00fcber Zigarettenanz\u00fcnder-Stecker, Vollgeladen ergibt sich eine Nutzungsdauer von ca. 5 Stunden, Lieferumfang: 1 x LED-Rundumleuchte und 1 x 3m Ladekabel mit Zigarettenanz\u00fcnder-Stecker.\r\n\r\nNach ECE-R65\/R10 zertifiziert, Kabellos, und mit einem hocheffizienten Akku ausgestattet, auch bei l\u00e4ngeren Eins\u00e4tzen kann mit dem mitgelieferten Ladekabel, selbst wenn die maximale Akku-Nutzungsdauer erreicht ist, die ECE-R65 iON Akku-Rundumleuchte weiter betrieben und gleichzeitig geladen werden.","_et_gb_content_width":""},"product_brand":[],"product_cat":[21],"product_tag":[],"class_list":{"0":"post-236506","1":"product","2":"type-product","3":"status-publish","4":"has-post-thumbnail","6":"product_cat-baustellensicherung","8":"first","9":"instock","10":"taxable","11":"shipping-taxable","12":"purchasable","13":"product-type-simple"},"_links":{"self":[{"href":"https:\/\/www.stangl-schilder.at\/shop\/wp-json\/wp\/v2\/product\/236506","targetHints":{"allow":["GET"]}}],"collection":[{"href":"https:\/\/www.stangl-schilder.at\/shop\/wp-json\/wp\/v2\/product"}],"about":[{"href":"https:\/\/www.stangl-schilder.at\/shop\/wp-json\/wp\/v2\/types\/product"}],"replies":[{"embeddable":true,"href":"https:\/\/www.stangl-schilder.at\/shop\/wp-json\/wp\/v2\/comments?post=236506"}],"wp:featuredmedia":[{"embeddable":true,"href":"https:\/\/www.stangl-schilder.at\/shop\/wp-json\/wp\/v2\/media\/236521"}],"wp:attachment":[{"href":"https:\/\/www.stangl-schilder.at\/shop\/wp-json\/wp\/v2\/media?parent=236506"}],"wp:term":[{"taxonomy":"product_brand","embeddable":true,"href":"https:\/\/www.stangl-schilder.at\/shop\/wp-json\/wp\/v2\/product_brand?post=236506"},{"taxonomy":"product_cat","embeddable":true,"href":"https:\/\/www.stangl-schilder.at\/shop\/wp-json\/wp\/v2\/product_cat?post=236506"},{"taxonomy":"product_tag","embeddable":true,"href":"https:\/\/www.stangl-schilder.at\/shop\/wp-json\/wp\/v2\/product_tag?post=236506"}],"curies":[{"name":"wp","href":"https:\/\/api.w.org\/{rel}","templated":true}]}}