{"id":235614,"date":"2021-05-10T17:15:52","date_gmt":"2021-05-10T15:15:52","guid":{"rendered":"https:\/\/www.stangl-schilder.at\/shop\/?post_type=product&#038;p=235614"},"modified":"2023-02-07T08:56:21","modified_gmt":"2023-02-07T07:56:21","slug":"leitpflock-mit-schneestange-und-swareflex-rueckstrahler","status":"publish","type":"product","link":"https:\/\/www.stangl-schilder.at\/shop\/produkt\/leitpflock-mit-schneestange-und-swareflex-rueckstrahler\/","title":{"rendered":"Leitpflock mit Schneestange und Swareflex-R\u00fcckstrahler"},"content":{"rendered":"<p>[et_pb_section fb_built=&#8220;1&#8243; _builder_version=&#8220;4.16&#8243; custom_padding=&#8220;0px||||false|false&#8220; global_colors_info=&#8220;{}&#8220;][et_pb_row _builder_version=&#8220;4.16&#8243; background_size=&#8220;initial&#8220; background_position=&#8220;top_left&#8220; background_repeat=&#8220;repeat&#8220; width=&#8220;100%&#8220; custom_padding=&#8220;0px||0px||false|false&#8220; global_colors_info=&#8220;{}&#8220;][et_pb_column type=&#8220;4_4&#8243; _builder_version=&#8220;4.16&#8243; custom_padding=&#8220;|||&#8220; global_colors_info=&#8220;{}&#8220; custom_padding__hover=&#8220;|||&#8220;][et_pb_wc_breadcrumb _builder_version=&#8220;4.16&#8243; global_colors_info=&#8220;{}&#8220;][\/et_pb_wc_breadcrumb][et_pb_wc_cart_notice _builder_version=&#8220;4.16&#8243; global_colors_info=&#8220;{}&#8220;][\/et_pb_wc_cart_notice][\/et_pb_column][\/et_pb_row][et_pb_row column_structure=&#8220;1_2,1_2&#8243; _builder_version=&#8220;4.16&#8243; background_size=&#8220;initial&#8220; background_position=&#8220;top_left&#8220; background_repeat=&#8220;repeat&#8220; width=&#8220;100%&#8220; custom_padding=&#8220;0px||||false|false&#8220; global_colors_info=&#8220;{}&#8220;][et_pb_column type=&#8220;1_2&#8243; _builder_version=&#8220;4.16&#8243; custom_padding=&#8220;|||&#8220; global_colors_info=&#8220;{}&#8220; custom_padding__hover=&#8220;|||&#8220;][et_pb_wc_images _builder_version=&#8220;4.16&#8243; global_colors_info=&#8220;{}&#8220;][\/et_pb_wc_images][\/et_pb_column][et_pb_column type=&#8220;1_2&#8243; _builder_version=&#8220;4.16&#8243; custom_padding=&#8220;|||&#8220; global_colors_info=&#8220;{}&#8220; custom_padding__hover=&#8220;|||&#8220;][et_pb_wc_title _builder_version=&#8220;4.16&#8243; global_colors_info=&#8220;{}&#8220;][\/et_pb_wc_title][et_pb_wc_rating _builder_version=&#8220;4.16&#8243; global_colors_info=&#8220;{}&#8220;][\/et_pb_wc_rating][et_pb_wc_price _builder_version=&#8220;4.16&#8243; global_colors_info=&#8220;{}&#8220;][\/et_pb_wc_price][et_pb_wc_description _builder_version=&#8220;4.16&#8243; global_colors_info=&#8220;{}&#8220;][\/et_pb_wc_description][et_pb_wc_add_to_cart _builder_version=&#8220;4.16&#8243; global_colors_info=&#8220;{}&#8220;][\/et_pb_wc_add_to_cart][et_pb_wc_meta _builder_version=&#8220;4.16&#8243; global_colors_info=&#8220;{}&#8220;][\/et_pb_wc_meta][\/et_pb_column][\/et_pb_row][et_pb_row _builder_version=&#8220;4.16&#8243; _module_preset=&#8220;default&#8220; width=&#8220;100%&#8220; global_colors_info=&#8220;{}&#8220;][et_pb_column type=&#8220;4_4&#8243; _builder_version=&#8220;4.16&#8243; _module_preset=&#8220;default&#8220; global_colors_info=&#8220;{}&#8220;][et_pb_text _builder_version=&#8220;4.16&#8243; _module_preset=&#8220;default&#8220; global_colors_info=&#8220;{}&#8220;]<\/p>\n<h2>Produkt in 3D \/ AR ansehen:<\/h2>\n<p>[\/et_pb_text][et_pb_tabs _builder_version=&#8220;4.16&#8243; _module_preset=&#8220;default&#8220; body_text_align=&#8220;center&#8220; width=&#8220;100%&#8220; global_colors_info=&#8220;{}&#8220;][et_pb_tab title=&#8220;Leitpflock mit Schneestange&#8220; _builder_version=&#8220;4.16&#8243; _module_preset=&#8220;default&#8220; custom_padding_tablet=&#8220;&#8220; custom_padding_phone=&#8220;0px|0px|0px|0px|false|false&#8220; custom_padding_last_edited=&#8220;on|phone&#8220; custom_css_main_element=&#8220;height:100%;&#8220; global_colors_info=&#8220;{}&#8220;] <div class=\"brlbs-cmpnt-container brlbs-cmpnt-content-blocker brlbs-cmpnt-with-individual-styles\" data-borlabs-cookie-content-blocker-id=\"sketchfab\" data-borlabs-cookie-content=\"IDwvcD4KPGRpdiBjbGFzcz0iYnJsYnMtY21wbnQtY29udGFpbmVyIGJybGJzLWNtcG50LWNvbnRlbnQtYmxvY2tlciBicmxicy1jbXBudC13aXRoLWluZGl2aWR1YWwtc3R5bGVzIiBkYXRhLWJvcmxhYnMtY29va2llLWNvbnRlbnQtYmxvY2tlci1pZD0ic2tldGNoZmFiIiBkYXRhLWJvcmxhYnMtY29va2llLWNvbnRlbnQ9IlBHbG1jbUZ0WlNCMGFYUnNaVDBpVEdWcGRIQm1iRzlqYXkxQmNuUk9janB1WVNJZ2MzSmpQU0pvZEhSd2N6b3ZMM05yWlhSamFHWmhZaTVqYjIwdmJXOWtaV3h6TDJFd05EVTJNRGt3TmpnME1qUm1NbVU0TmpCaE5HUXhPVFJtWW1Oak56ZzNMMlZ0WW1Wa1AyRjFkRzl6Y0dsdVBURW1ZWFYwYjNOMFlYSjBQVEVtZFdsZmFXNW1iM005TUNaMWFWOXBibk53WldOMGIzSTlNQ1oxYVY5M1lYUmxjbTFoY210ZmJHbHVhejB3Sm5WcFgzZGhkR1Z5YldGeWF6MHdKblZwWDNaeVBUQW1aRzUwUFRFaUlIZHBaSFJvUFNJNU5UQWlJR2hsYVdkb2REMGlOVE13SWlCbWNtRnRaV0p2Y21SbGNqMGlNQ0lnWVd4c2IzZG1kV3hzYzJOeVpXVnVJRzF2ZW1Gc2JHOTNablZzYkhOamNtVmxiajBpZEhKMVpTSWdkMlZpYTJsMFlXeHNiM2RtZFd4c2MyTnlaV1Z1UFNKMGNuVmxJaUJoYkd4dmR6MGlZWFYwYjNCc1lYazdJR1oxYkd4elkzSmxaVzQ3SUhoeUxYTndZWFJwWVd3dGRISmhZMnRwYm1jaUlIaHlMWE53WVhScFlXd3RkSEpoWTJ0cGJtY2daWGhsWTNWMGFXOXVMWGRvYVd4bExXOTFkQzF2WmkxMmFXVjNjRzl5ZENCbGVHVmpkWFJwYjI0dGQyaHBiR1V0Ym05MExYSmxibVJsY21Wa0lIZGxZaTF6YUdGeVpUNDhMMmxtY21GdFpUND0iPgo8ZGl2IGNsYXNzPSJicmxicy1jbXBudC1jYi1wcmVzZXQtYiBicmxicy1jbXBudC1jYi1za2V0Y2hmYWIiPgo8ZGl2IGNsYXNzPSJicmxicy1jbXBudC1jYi10aHVtYm5haWwiIHN0eWxlPSJiYWNrZ3JvdW5kLWltYWdlOiB1cmwoJ2h0dHBzOi8vd3d3LnN0YW5nbC1zY2hpbGRlci5hdC9zaG9wL3dwLWNvbnRlbnQvdXBsb2Fkcy9ib3JsYWJzLWNvb2tpZS8xL2JjdC1tYXR0ZXJwb3J0LW1haW4ucG5nJykiPjwvZGl2Pgo8ZGl2IGNsYXNzPSJicmxicy1jbXBudC1jYi1tYWluIj4KPGRpdiBjbGFzcz0iYnJsYnMtY21wbnQtY2ItY29udGVudCI+CjxwIGNsYXNzPSJicmxicy1jbXBudC1jYi1kZXNjcmlwdGlvbiI+U2llIHNlaGVuIGdlcmFkZSBlaW5lbiBQbGF0emhhbHRlcmluaGFsdCB2b24gPHN0cm9uZz5Ta2V0Y2hmYWI8L3N0cm9uZz4uIFVtIGF1ZiBkZW4gZWlnZW50bGljaGVuIEluaGFsdCB6dXp1Z3JlaWZlbiwga2xpY2tlbiBTaWUgYXVmIGRpZSBTY2hhbHRmbMOkY2hlIHVudGVuLiBCaXR0ZSBiZWFjaHRlbiBTaWUsIGRhc3MgZGFiZWkgRGF0ZW4gYW4gRHJpdHRhbmJpZXRlciB3ZWl0ZXJnZWdlYmVuIHdlcmRlbi48L3A+CjxwPiA8YSBjbGFzcz0iYnJsYnMtY21wbnQtY2ItcHJvdmlkZXItdG9nZ2xlIiBocmVmPSIjIiBkYXRhLWJvcmxhYnMtY29va2llLXNob3ctcHJvdmlkZXItaW5mb3JtYXRpb24gcm9sZT0iYnV0dG9uIj5NZWhyIEluZm9ybWF0aW9uZW48L2E+IDwvZGl2Pgo8ZGl2IGNsYXNzPSJicmxicy1jbXBudC1jYi1idXR0b25zIj4gPGEgY2xhc3M9ImJybGJzLWNtcG50LWNiLWJ0biIgaHJlZj0iIyIgZGF0YS1ib3JsYWJzLWNvb2tpZS11bmJsb2NrIHJvbGU9ImJ1dHRvbiI+SW5oYWx0IGVudHNwZXJyZW48L2E+IDxhIGNsYXNzPSJicmxicy1jbXBudC1jYi1idG4iIGhyZWY9IiMiIGRhdGEtYm9ybGFicy1jb29raWUtYWNjZXB0LXNlcnZpY2Ugcm9sZT0iYnV0dG9uIiBzdHlsZT0iZGlzcGxheTogaW5oZXJpdCI+RXJmb3JkZXJsaWNoZW4gU2VydmljZSBha3plcHRpZXJlbiB1bmQgSW5oYWx0ZSBlbnRzcGVycmVuPC9hPiA8L2Rpdj4KPC9wPjwvZGl2Pgo8L3A+PC9kaXY+CjwvZGl2Pgo8cD4=\"><div class=\"brlbs-cmpnt-cb-preset-b brlbs-cmpnt-cb-sketchfab\"> <div class=\"brlbs-cmpnt-cb-thumbnail\" style=\"background-image: url('https:\/\/www.stangl-schilder.at\/shop\/wp-content\/uploads\/borlabs-cookie\/1\/bct-matterport-main.png')\"><\/div> <div class=\"brlbs-cmpnt-cb-main\"> <div class=\"brlbs-cmpnt-cb-content\"> <p class=\"brlbs-cmpnt-cb-description\">Sie sehen gerade einen Platzhalterinhalt von <strong>Sketchfab<\/strong>. Um auf den eigentlichen Inhalt zuzugreifen, klicken Sie auf die Schaltfl\u00e4che unten. Bitte beachten Sie, dass dabei Daten an Drittanbieter weitergegeben werden.<\/p> <a class=\"brlbs-cmpnt-cb-provider-toggle\" href=\"#\" data-borlabs-cookie-show-provider-information role=\"button\">Mehr Informationen<\/a> <\/div> <div class=\"brlbs-cmpnt-cb-buttons\"> <a class=\"brlbs-cmpnt-cb-btn\" href=\"#\" data-borlabs-cookie-unblock role=\"button\">Inhalt entsperren<\/a> <a class=\"brlbs-cmpnt-cb-btn\" href=\"#\" data-borlabs-cookie-accept-service role=\"button\" style=\"display: inherit\">Erforderlichen Service akzeptieren und Inhalte entsperren<\/a> <\/div> <\/div> <\/div><\/div>[\/et_pb_tab][\/et_pb_tabs][\/et_pb_column][\/et_pb_row][et_pb_row _builder_version=&#8220;4.16&#8243; background_size=&#8220;initial&#8220; background_position=&#8220;top_left&#8220; background_repeat=&#8220;repeat&#8220; width=&#8220;100%&#8220; global_colors_info=&#8220;{}&#8220;][et_pb_column type=&#8220;4_4&#8243; _builder_version=&#8220;4.16&#8243; custom_padding=&#8220;|||&#8220; global_colors_info=&#8220;{}&#8220; custom_padding__hover=&#8220;|||&#8220;][et_pb_wc_tabs _builder_version=&#8220;4.16&#8243; global_colors_info=&#8220;{}&#8220;]\t\t\t\t\t[\/et_pb_wc_tabs][\/et_pb_column][\/et_pb_row][et_pb_row _builder_version=&#8220;4.16&#8243; background_size=&#8220;initial&#8220; background_position=&#8220;top_left&#8220; background_repeat=&#8220;repeat&#8220; width=&#8220;100%&#8220; global_colors_info=&#8220;{}&#8220;][et_pb_column type=&#8220;4_4&#8243; _builder_version=&#8220;4.16&#8243; custom_padding=&#8220;|||&#8220; global_colors_info=&#8220;{}&#8220; custom_padding__hover=&#8220;|||&#8220;][et_pb_wc_upsells posts_number=&#8220;4&#8243; columns_number=&#8220;4&#8243; _builder_version=&#8220;4.16&#8243; global_colors_info=&#8220;{}&#8220;][\/et_pb_wc_upsells][\/et_pb_column][\/et_pb_row][\/et_pb_section]<\/p>\n","protected":false},"excerpt":{"rendered":"<p>Leitpflock aus Poly\u00e4thylen wei\u00df, integrierte und ausziehbare Schneestange orange Kunststoff, mit 2 Swareflex-R\u00fcckstrahler Type 2371 rot\/wei\u00df.<\/p>\n","protected":false},"featured_media":236307,"comment_status":"closed","ping_status":"closed","template":"","meta":{"_et_pb_use_builder":"on","_et_pb_old_content":"Leitpflock aus Niederdruck-Poly\u00e4thylen Schaft wei\u00df RAL 9001, inklusiv integrierter und ausziehbarer Schneestange Kunststoff rund orange L=1000 mm, mit 2 Swareflex-R\u00fcckstrahler Type 2371 rot\/wei\u00df auf Leitpflock und Type 3852 rot\/wei\u00df auf Schneestange, Kunststoffkappe verst\u00e4rkt mit Drehsystem schwarz, Ausf\u00fchrung gem\u00e4\u00df der RVS 8.08.21.\r\nMaterial: Niederdruck-Poly\u00e4thylen.","_et_gb_content_width":""},"product_brand":[],"product_cat":[18],"product_tag":[],"class_list":{"0":"post-235614","1":"product","2":"type-product","3":"status-publish","4":"has-post-thumbnail","6":"product_cat-strassenausruestung","8":"first","9":"instock","10":"taxable","11":"shipping-taxable","12":"purchasable","13":"product-type-variable"},"_links":{"self":[{"href":"https:\/\/www.stangl-schilder.at\/shop\/wp-json\/wp\/v2\/product\/235614","targetHints":{"allow":["GET"]}}],"collection":[{"href":"https:\/\/www.stangl-schilder.at\/shop\/wp-json\/wp\/v2\/product"}],"about":[{"href":"https:\/\/www.stangl-schilder.at\/shop\/wp-json\/wp\/v2\/types\/product"}],"replies":[{"embeddable":true,"href":"https:\/\/www.stangl-schilder.at\/shop\/wp-json\/wp\/v2\/comments?post=235614"}],"wp:featuredmedia":[{"embeddable":true,"href":"https:\/\/www.stangl-schilder.at\/shop\/wp-json\/wp\/v2\/media\/236307"}],"wp:attachment":[{"href":"https:\/\/www.stangl-schilder.at\/shop\/wp-json\/wp\/v2\/media?parent=235614"}],"wp:term":[{"taxonomy":"product_brand","embeddable":true,"href":"https:\/\/www.stangl-schilder.at\/shop\/wp-json\/wp\/v2\/product_brand?post=235614"},{"taxonomy":"product_cat","embeddable":true,"href":"https:\/\/www.stangl-schilder.at\/shop\/wp-json\/wp\/v2\/product_cat?post=235614"},{"taxonomy":"product_tag","embeddable":true,"href":"https:\/\/www.stangl-schilder.at\/shop\/wp-json\/wp\/v2\/product_tag?post=235614"}],"curies":[{"name":"wp","href":"https:\/\/api.w.org\/{rel}","templated":true}]}}