{"id":235595,"date":"2021-05-10T16:11:09","date_gmt":"2021-05-10T14:11:09","guid":{"rendered":"https:\/\/www.stangl-schilder.at\/shop\/?post_type=product&#038;p=235595"},"modified":"2022-03-27T23:06:21","modified_gmt":"2022-03-27T21:06:21","slug":"leitpflock-kunststoff-mit-2-swareflex-rueckstrahler","status":"publish","type":"product","link":"https:\/\/www.stangl-schilder.at\/shop\/produkt\/leitpflock-kunststoff-mit-2-swareflex-rueckstrahler\/","title":{"rendered":"Leitpflock Kunststoff mit 2 Swareflex-R\u00fcckstrahler"},"content":{"rendered":"<p>[et_pb_section fb_built=&#8220;1&#8243; _builder_version=&#8220;4.15&#8243; custom_padding=&#8220;0px||||false|false&#8220; global_colors_info=&#8220;{}&#8220;][et_pb_row _builder_version=&#8220;4.15&#8243; background_size=&#8220;initial&#8220; background_position=&#8220;top_left&#8220; background_repeat=&#8220;repeat&#8220; width=&#8220;100%&#8220; custom_padding=&#8220;0px||0px||false|false&#8220; global_colors_info=&#8220;{}&#8220;][et_pb_column type=&#8220;4_4&#8243; _builder_version=&#8220;4.15&#8243; custom_padding=&#8220;|||&#8220; global_colors_info=&#8220;{}&#8220; custom_padding__hover=&#8220;|||&#8220;][et_pb_wc_breadcrumb _builder_version=&#8220;4.15&#8243; global_colors_info=&#8220;{}&#8220;][\/et_pb_wc_breadcrumb][et_pb_wc_cart_notice _builder_version=&#8220;4.15&#8243; global_colors_info=&#8220;{}&#8220;][\/et_pb_wc_cart_notice][\/et_pb_column][\/et_pb_row][et_pb_row column_structure=&#8220;1_2,1_2&#8243; _builder_version=&#8220;4.15&#8243; background_size=&#8220;initial&#8220; background_position=&#8220;top_left&#8220; background_repeat=&#8220;repeat&#8220; width=&#8220;100%&#8220; custom_padding=&#8220;0px||||false|false&#8220; global_colors_info=&#8220;{}&#8220;][et_pb_column type=&#8220;1_2&#8243; _builder_version=&#8220;4.15&#8243; custom_padding=&#8220;|||&#8220; global_colors_info=&#8220;{}&#8220; custom_padding__hover=&#8220;|||&#8220;][et_pb_wc_images _builder_version=&#8220;4.15&#8243; global_colors_info=&#8220;{}&#8220;][\/et_pb_wc_images][\/et_pb_column][et_pb_column type=&#8220;1_2&#8243; _builder_version=&#8220;4.15&#8243; custom_padding=&#8220;|||&#8220; global_colors_info=&#8220;{}&#8220; custom_padding__hover=&#8220;|||&#8220;][et_pb_wc_title _builder_version=&#8220;4.15&#8243; global_colors_info=&#8220;{}&#8220;][\/et_pb_wc_title][et_pb_wc_rating _builder_version=&#8220;4.15&#8243; global_colors_info=&#8220;{}&#8220;][\/et_pb_wc_rating][et_pb_wc_price _builder_version=&#8220;4.15&#8243; global_colors_info=&#8220;{}&#8220;][\/et_pb_wc_price][et_pb_wc_description _builder_version=&#8220;4.15&#8243; global_colors_info=&#8220;{}&#8220;][\/et_pb_wc_description][et_pb_wc_add_to_cart _builder_version=&#8220;4.15&#8243; global_colors_info=&#8220;{}&#8220;][\/et_pb_wc_add_to_cart][et_pb_wc_meta _builder_version=&#8220;4.15&#8243; global_colors_info=&#8220;{}&#8220;][\/et_pb_wc_meta][\/et_pb_column][\/et_pb_row][et_pb_row _builder_version=&#8220;4.15&#8243; _module_preset=&#8220;default&#8220; width=&#8220;100%&#8220; global_colors_info=&#8220;{}&#8220;][et_pb_column type=&#8220;4_4&#8243; _builder_version=&#8220;4.15&#8243; _module_preset=&#8220;default&#8220; global_colors_info=&#8220;{}&#8220;][et_pb_text _builder_version=&#8220;4.15&#8243; _module_preset=&#8220;default&#8220; global_colors_info=&#8220;{}&#8220;]<\/p>\n<h2>Produkt in 3D \/ AR ansehen:<\/h2>\n<p>[\/et_pb_text][et_pb_tabs _builder_version=&#8220;4.15.1&#8243; _module_preset=&#8220;default&#8220; body_text_align=&#8220;center&#8220; width=&#8220;100%&#8220; hover_enabled=&#8220;0&#8243; global_colors_info=&#8220;{}&#8220; sticky_enabled=&#8220;0&#8243;][et_pb_tab title=&#8220;Leitpflock&#8220; _builder_version=&#8220;4.15.1&#8243; _module_preset=&#8220;default&#8220; hover_enabled=&#8220;0&#8243; custom_css_main_element=&#8220;height:100%;&#8220; global_colors_info=&#8220;{}&#8220; custom_padding_last_edited=&#8220;on|phone&#8220; sticky_enabled=&#8220;0&#8243; custom_padding_phone=&#8220;0px|0px|0px|0px|false|false&#8220;] <div class=\"brlbs-cmpnt-container brlbs-cmpnt-content-blocker brlbs-cmpnt-with-individual-styles\" data-borlabs-cookie-content-blocker-id=\"sketchfab\" data-borlabs-cookie-content=\"IDwvcD4KPGRpdiBjbGFzcz0iYnJsYnMtY21wbnQtY29udGFpbmVyIGJybGJzLWNtcG50LWNvbnRlbnQtYmxvY2tlciBicmxicy1jbXBudC13aXRoLWluZGl2aWR1YWwtc3R5bGVzIiBkYXRhLWJvcmxhYnMtY29va2llLWNvbnRlbnQtYmxvY2tlci1pZD0ic2tldGNoZmFiIiBkYXRhLWJvcmxhYnMtY29va2llLWNvbnRlbnQ9IlBHbG1jbUZ0WlNCMGFYUnNaVDBpVEdWcGRIQm1iRzlqYXlCSFpYTmphR3h2YzNObGJpMUJjblJPY2pwdVlTSWdjM0pqUFNKb2RIUndjem92TDNOclpYUmphR1poWWk1amIyMHZiVzlrWld4ekx6UXhNV0ZpTlRaa01UY3lOelEwWTJaaU0ySTJaV0poTVdReE1HRm1ZVFkxTDJWdFltVmtQMkYxZEc5emNHbHVQVEVtWVhWMGIzTjBZWEowUFRFbWRXbGZhVzVtYjNNOU1DWjFhVjlwYm5Od1pXTjBiM0k5TUNaMWFWOTNZWFJsY20xaGNtdGZiR2x1YXowd0puVnBYM2RoZEdWeWJXRnlhejB3Sm5WcFgzWnlQVEFtWkc1MFBURWlJSGRwWkhSb1BTSTVOVEFpSUdobGFXZG9kRDBpTlRNd0lpQm1jbUZ0WldKdmNtUmxjajBpTUNJZ1lXeHNiM2RtZFd4c2MyTnlaV1Z1SUcxdmVtRnNiRzkzWm5Wc2JITmpjbVZsYmowaWRISjFaU0lnZDJWaWEybDBZV3hzYjNkbWRXeHNjMk55WldWdVBTSjBjblZsSWlCaGJHeHZkejBpWVhWMGIzQnNZWGs3SUdaMWJHeHpZM0psWlc0N0lIaHlMWE53WVhScFlXd3RkSEpoWTJ0cGJtY2lJSGh5TFhOd1lYUnBZV3d0ZEhKaFkydHBibWNnWlhobFkzVjBhVzl1TFhkb2FXeGxMVzkxZEMxdlppMTJhV1YzY0c5eWRDQmxlR1ZqZFhScGIyNHRkMmhwYkdVdGJtOTBMWEpsYm1SbGNtVmtJSGRsWWkxemFHRnlaVDQ4TDJsbWNtRnRaVDQ9Ij4KPGRpdiBjbGFzcz0iYnJsYnMtY21wbnQtY2ItcHJlc2V0LWIgYnJsYnMtY21wbnQtY2Itc2tldGNoZmFiIj4KPGRpdiBjbGFzcz0iYnJsYnMtY21wbnQtY2ItdGh1bWJuYWlsIiBzdHlsZT0iYmFja2dyb3VuZC1pbWFnZTogdXJsKCdodHRwczovL3d3dy5zdGFuZ2wtc2NoaWxkZXIuYXQvc2hvcC93cC1jb250ZW50L3VwbG9hZHMvYm9ybGFicy1jb29raWUvMS9iY3QtbWF0dGVycG9ydC1tYWluLnBuZycpIj48L2Rpdj4KPGRpdiBjbGFzcz0iYnJsYnMtY21wbnQtY2ItbWFpbiI+CjxkaXYgY2xhc3M9ImJybGJzLWNtcG50LWNiLWNvbnRlbnQiPgo8cCBjbGFzcz0iYnJsYnMtY21wbnQtY2ItZGVzY3JpcHRpb24iPlNpZSBzZWhlbiBnZXJhZGUgZWluZW4gUGxhdHpoYWx0ZXJpbmhhbHQgdm9uIDxzdHJvbmc+U2tldGNoZmFiPC9zdHJvbmc+LiBVbSBhdWYgZGVuIGVpZ2VudGxpY2hlbiBJbmhhbHQgenV6dWdyZWlmZW4sIGtsaWNrZW4gU2llIGF1ZiBkaWUgU2NoYWx0ZmzDpGNoZSB1bnRlbi4gQml0dGUgYmVhY2h0ZW4gU2llLCBkYXNzIGRhYmVpIERhdGVuIGFuIERyaXR0YW5iaWV0ZXIgd2VpdGVyZ2VnZWJlbiB3ZXJkZW4uPC9wPgo8cD4gPGEgY2xhc3M9ImJybGJzLWNtcG50LWNiLXByb3ZpZGVyLXRvZ2dsZSIgaHJlZj0iIyIgZGF0YS1ib3JsYWJzLWNvb2tpZS1zaG93LXByb3ZpZGVyLWluZm9ybWF0aW9uIHJvbGU9ImJ1dHRvbiI+TWVociBJbmZvcm1hdGlvbmVuPC9hPiA8L2Rpdj4KPGRpdiBjbGFzcz0iYnJsYnMtY21wbnQtY2ItYnV0dG9ucyI+IDxhIGNsYXNzPSJicmxicy1jbXBudC1jYi1idG4iIGhyZWY9IiMiIGRhdGEtYm9ybGFicy1jb29raWUtdW5ibG9jayByb2xlPSJidXR0b24iPkluaGFsdCBlbnRzcGVycmVuPC9hPiA8YSBjbGFzcz0iYnJsYnMtY21wbnQtY2ItYnRuIiBocmVmPSIjIiBkYXRhLWJvcmxhYnMtY29va2llLWFjY2VwdC1zZXJ2aWNlIHJvbGU9ImJ1dHRvbiIgc3R5bGU9ImRpc3BsYXk6IGluaGVyaXQiPkVyZm9yZGVybGljaGVuIFNlcnZpY2UgYWt6ZXB0aWVyZW4gdW5kIEluaGFsdGUgZW50c3BlcnJlbjwvYT4gPC9kaXY+CjwvcD48L2Rpdj4KPC9wPjwvZGl2Pgo8L2Rpdj4KPHA+\"><div class=\"brlbs-cmpnt-cb-preset-b brlbs-cmpnt-cb-sketchfab\"> <div class=\"brlbs-cmpnt-cb-thumbnail\" style=\"background-image: url('https:\/\/www.stangl-schilder.at\/shop\/wp-content\/uploads\/borlabs-cookie\/1\/bct-matterport-main.png')\"><\/div> <div class=\"brlbs-cmpnt-cb-main\"> <div class=\"brlbs-cmpnt-cb-content\"> <p class=\"brlbs-cmpnt-cb-description\">Sie sehen gerade einen Platzhalterinhalt von <strong>Sketchfab<\/strong>. Um auf den eigentlichen Inhalt zuzugreifen, klicken Sie auf die Schaltfl\u00e4che unten. Bitte beachten Sie, dass dabei Daten an Drittanbieter weitergegeben werden.<\/p> <a class=\"brlbs-cmpnt-cb-provider-toggle\" href=\"#\" data-borlabs-cookie-show-provider-information role=\"button\">Mehr Informationen<\/a> <\/div> <div class=\"brlbs-cmpnt-cb-buttons\"> <a class=\"brlbs-cmpnt-cb-btn\" href=\"#\" data-borlabs-cookie-unblock role=\"button\">Inhalt entsperren<\/a> <a class=\"brlbs-cmpnt-cb-btn\" href=\"#\" data-borlabs-cookie-accept-service role=\"button\" style=\"display: inherit\">Erforderlichen Service akzeptieren und Inhalte entsperren<\/a> <\/div> <\/div> <\/div><\/div>[\/et_pb_tab][\/et_pb_tabs][\/et_pb_column][\/et_pb_row][et_pb_row _builder_version=&#8220;4.15&#8243; background_size=&#8220;initial&#8220; background_position=&#8220;top_left&#8220; background_repeat=&#8220;repeat&#8220; width=&#8220;100%&#8220; global_colors_info=&#8220;{}&#8220;][et_pb_column type=&#8220;4_4&#8243; _builder_version=&#8220;4.15&#8243; custom_padding=&#8220;|||&#8220; global_colors_info=&#8220;{}&#8220; custom_padding__hover=&#8220;|||&#8220;][et_pb_wc_tabs _builder_version=&#8220;4.15&#8243; global_colors_info=&#8220;{}&#8220;]\t\t\t\t\t[\/et_pb_wc_tabs][\/et_pb_column][\/et_pb_row][et_pb_row _builder_version=&#8220;4.15&#8243; background_size=&#8220;initial&#8220; background_position=&#8220;top_left&#8220; background_repeat=&#8220;repeat&#8220; width=&#8220;100%&#8220; global_colors_info=&#8220;{}&#8220;][et_pb_column type=&#8220;4_4&#8243; _builder_version=&#8220;4.15&#8243; custom_padding=&#8220;|||&#8220; global_colors_info=&#8220;{}&#8220; custom_padding__hover=&#8220;|||&#8220;][et_pb_wc_upsells posts_number=&#8220;4&#8243; columns_number=&#8220;4&#8243; _builder_version=&#8220;4.15&#8243; global_colors_info=&#8220;{}&#8220;][\/et_pb_wc_upsells][\/et_pb_column][\/et_pb_row][\/et_pb_section]<\/p>\n","protected":false},"excerpt":{"rendered":"<p>Leitpflock aus Poly\u00e4thylen wei\u00df, mit 2 Swareflex-R\u00fcckstrahler Type 2371 rot\/wei\u00df, Kunststoffkappe schwarz.<\/p>\n","protected":false},"featured_media":235594,"comment_status":"closed","ping_status":"closed","template":"","meta":{"_et_pb_use_builder":"on","_et_pb_old_content":"Leitpflock aus Niederdruck-Poly\u00e4thylen Schaft wei\u00df RAL 9001, mit 2 Swareflex-R\u00fcckstrahler Type 2371, 40x180 mm rot\/wei\u00df, Kunststoffkappe schwarz, gepr\u00fcft nach FVS, CE-Kennzeichnung, Ausf\u00fchrung gem\u00e4\u00df der RVS 8.08.21.\r\nMaterial: Niederdruck-Poly\u00e4thylen.","_et_gb_content_width":""},"product_brand":[],"product_cat":[18],"product_tag":[],"class_list":{"0":"post-235595","1":"product","2":"type-product","3":"status-publish","4":"has-post-thumbnail","6":"product_cat-strassenausruestung","8":"first","9":"instock","10":"taxable","11":"shipping-taxable","12":"purchasable","13":"product-type-variable"},"_links":{"self":[{"href":"https:\/\/www.stangl-schilder.at\/shop\/wp-json\/wp\/v2\/product\/235595","targetHints":{"allow":["GET"]}}],"collection":[{"href":"https:\/\/www.stangl-schilder.at\/shop\/wp-json\/wp\/v2\/product"}],"about":[{"href":"https:\/\/www.stangl-schilder.at\/shop\/wp-json\/wp\/v2\/types\/product"}],"replies":[{"embeddable":true,"href":"https:\/\/www.stangl-schilder.at\/shop\/wp-json\/wp\/v2\/comments?post=235595"}],"wp:featuredmedia":[{"embeddable":true,"href":"https:\/\/www.stangl-schilder.at\/shop\/wp-json\/wp\/v2\/media\/235594"}],"wp:attachment":[{"href":"https:\/\/www.stangl-schilder.at\/shop\/wp-json\/wp\/v2\/media?parent=235595"}],"wp:term":[{"taxonomy":"product_brand","embeddable":true,"href":"https:\/\/www.stangl-schilder.at\/shop\/wp-json\/wp\/v2\/product_brand?post=235595"},{"taxonomy":"product_cat","embeddable":true,"href":"https:\/\/www.stangl-schilder.at\/shop\/wp-json\/wp\/v2\/product_cat?post=235595"},{"taxonomy":"product_tag","embeddable":true,"href":"https:\/\/www.stangl-schilder.at\/shop\/wp-json\/wp\/v2\/product_tag?post=235595"}],"curies":[{"name":"wp","href":"https:\/\/api.w.org\/{rel}","templated":true}]}}