{"id":70,"date":"2021-03-31T18:12:40","date_gmt":"2021-03-31T16:12:40","guid":{"rendered":"https:\/\/www.stangl-schilder.at\/shop\/zahlungsweisen\/"},"modified":"2022-05-17T11:09:09","modified_gmt":"2022-05-17T09:09:09","slug":"zahlungsweisen","status":"publish","type":"page","link":"https:\/\/www.stangl-schilder.at\/shop\/zahlungsweisen\/","title":{"rendered":"Zahlungsweisen"},"content":{"rendered":"<p>[et_pb_section fb_built=&#8220;1&#8243; _builder_version=&#8220;4.16&#8243; global_colors_info=&#8220;{}&#8220;][et_pb_row _builder_version=&#8220;4.16&#8243; background_size=&#8220;initial&#8220; background_position=&#8220;top_left&#8220; background_repeat=&#8220;repeat&#8220; global_colors_info=&#8220;{}&#8220;][et_pb_column type=&#8220;4_4&#8243; _builder_version=&#8220;4.16&#8243; custom_padding=&#8220;|||&#8220; global_colors_info=&#8220;{}&#8220; custom_padding__hover=&#8220;|||&#8220;][et_pb_text admin_label=&#8220;\u00dcberschrift Zahlungsweisen&#8220; _builder_version=&#8220;4.16&#8243; _module_preset=&#8220;default&#8220; global_colors_info=&#8220;{}&#8220;]<\/p>\n<h1>Zahlungsweisen<\/h1>\n<p>[\/et_pb_text][et_pb_text admin_label=&#8220;Text Zahlungsweisen&#8220; _builder_version=&#8220;4.16&#8243; _module_preset=&#8220;default&#8220; global_colors_info=&#8220;{}&#8220;]<\/p>\n<p>Die auf den Produktseiten genannten Preise sind Nettopreise in EURO ohne Umsatzsteuer und sind freibleibend.<br \/>Die Versandkosten werden Ihnen im Warenkorbsystem und auf der Bestellseite nochmals deutlich mitgeteilt.<br \/>Wir bieten Ihnen folgende Zahlungsarten an.<br \/>Suchen Sie sich einfach die f\u00fcr Sie optimale Zahlart aus.<br \/>Die in den jeweiligen Angeboten angef\u00fchrten Preise stellen Endpreise dar. Sie beinhalten alle Preisbestandteile einschlie\u00dflich etwaig anfallender Steuern wie Mehrwertsteuer. Nur bei grenz\u00fcberschreitender Lieferung k\u00f6nnen im Einzelfall weitere Steuern (z.B. im Falle eines innergemeinschaftlichen Erwerbs) und\/oder Abgaben (z.B. Z\u00f6lle) von Ihnen zu zahlen sein, jedoch nicht an den Verk\u00e4ufer, sondern an die dort zust\u00e4ndigen Zoll- bzw. Steuerbeh\u00f6rden.<br \/>Die anfallenden Liefer- und Versandkosten sind nicht im Kaufpreis enthalten, sie sind \u00fcber die Seite \u201eVersand &amp; Lieferung\u201c aufrufbar, werden im Laufe des Bestellvorganges gesondert ausgewiesen und sind von Ihnen zus\u00e4tzlich zu tragen.<\/p>\n<h3>Auf Rechnung<\/h3>\n<p>Einfach bestellen und im Anschluss sofort nach Erhalt der Rechnung bezahlen \u2013 Zahlungsziel 7 Tage. Sie erhalten unsere Rechnung per E-Mail \u2013 unkompliziert und bequem.<\/p>\n<h3>Lastschrift<\/h3>\n<p>Wir ziehen den Rechnungsbetrag Ihrer Bestellung von Ihrem hinterlegten Bankkonto nach der get\u00e4tigten Bestellung ein.<\/p>\n<h3>Vorkasse<\/h3>\n<p>Bitte \u00fcberweisen Sie den Gesamtbetrag Ihrer Bestellung auf unser Konto:<br \/>Kontoinhaber: Emmerich Stangl<br \/>Kontonummer:<br \/>IBAN: AT12 3400 0444 0446 0911<br \/>BIC: RZOOAT2L<br \/>Kreditinstitut: Hypo Salzburg<\/p>\n<p>[\/et_pb_text][\/et_pb_column][\/et_pb_row][\/et_pb_section]<\/p>\n","protected":false},"excerpt":{"rendered":"<p>ZahlungsweisenDie auf den Produktseiten genannten Preise sind Nettopreise in EURO ohne Umsatzsteuer und sind freibleibend.Die Versandkosten werden Ihnen im Warenkorbsystem und auf der Bestellseite nochmals deutlich mitgeteilt.Wir bieten Ihnen folgende Zahlungsarten an.Suchen Sie sich einfach die f\u00fcr Sie optimale Zahlart aus.Die in den jeweiligen Angeboten angef\u00fchrten Preise stellen Endpreise dar. Sie beinhalten alle Preisbestandteile einschlie\u00dflich [&hellip;]<\/p>\n","protected":false},"author":1,"featured_media":0,"parent":0,"menu_order":0,"comment_status":"closed","ping_status":"closed","template":"","meta":{"_et_pb_use_builder":"on","_et_pb_old_content":"<p><strong>Haftungshinweis: Das nachstehende Muster ist von einem Rechtsanwalt (<a href=\"https:\/\/drschwenke.de\" rel=\"nofollow\">https:\/\/drschwenke.de<\/a>) entsprechend den typischen Anforderungen eines Onlineshops erstellt worden.\u00a0Jedoch sollten Sie das Muster nur\u00a0nach sorgf\u00e4ltiger Pr\u00fcfung und Anpassung auf Ihr konkretes Gesch\u00e4ftsmodell verwenden. Das nachfolgende Muster enth\u00e4lt daher zus\u00e4tzliche Hinweise, die Sie beachten m\u00fcssen und rote Passagen, die Sie besonders pr\u00fcfen und ggf. anpassen m\u00fcssen. Bitte entfernen Sie die Hinweise nach der Bearbeitung. Lassen Sie sich im Zweifel rechtlich beraten. Urheberrecht: Sie d\u00fcrfen das Muster solange innerhalb der Domain\/Website nutzen, solange f\u00fcr diese auch Ihre Marketpress-Lizenz gilt. Weitergabe an Dritte, auch an Kunden (z.B. als Entwickler) ist nicht erlaubt.<\/strong><\/p><p><strong>Zahlungsarten<\/strong><\/p><p>Wir bieten Ihnen folgende Zahlungsarten an. Suchen Sie sich einfach die f\u00fcr Sie optimale Zahlart aus. Die Versandkosten sind teilweise abh\u00e4ngig von der gew\u00e4hlten Zahlungsart. Die in den jeweiligen Angeboten angef\u00fchrten Preise stellen Endpreise dar. Sie beinhalten alle Preisbestandteile einschlie\u00dflich etwaig anfallender Steuern wie Mehrwertsteuer. Nur bei grenz\u00fcberschreitender Lieferung k\u00f6nnen im Einzelfall weitere Steuern (z.B. im Falle eines innergemeinschaftlichen Erwerbs) und\/oder Abgaben (z.B. Z\u00f6lle) von Ihnen zu zahlen sein, jedoch nicht an den Verk\u00e4ufer, sondern an die dort zust\u00e4ndigen Zoll- bzw. Steuerbeh\u00f6rden. Die anfallenden Liefer- und Versandkosten sind nicht im Kaufpreis enthalten, sie sind \u00fcber die Seite \u201eVersandkosten\u201c aufrufbar, werden im Laufe des Bestellvorganges gesondert ausgewiesen und sind von Ihnen zus\u00e4tzlich zu tragen.<\/p><p><em>Nachnahme<\/em><\/p><p>Bitte halten Sie den Rechnungsbetrag bereit; der Zusteller kassiert bei Lieferung in bar (keine Schecks). Bei Nachnahme fallen zus\u00e4tzlich [6,50 EUR Nachnahmegeb\u00fchren] an, die direkt an den Paketzusteller zu entrichten sind.<\/p><p><em>Lastschrift<\/em><\/p><p>Wir ziehen den Rechnungsbetrag Ihrer Bestellung von Ihrem hinterlegten Bankkonto nach der get\u00e4tigten Bestellung ein. [Plus 2 Euro Geb\u00fchr]<\/p><p><em>Auf Rechnung<\/em><br \/>Einfach bestellen und im Anschlu\u00df erst bezahlen. [Plus 2 Euro Geb\u00fchr]<\/p><p><em>Kreditkarte<\/em><\/p><p>Zahlen Sie ganz einfach per Kreditkarte.<\/p><p><em>PayPal<\/em><\/p><p>Noch schneller und sicherer bezahlen mit ihrem PayPal-Konto.<\/p><p><em>Vorkasse<\/em><\/p><p>Kostenloser Versand innerhalb Deutschlands (Au\u00dfer Express-Versand)<\/p><p>Bitte \u00fcberweisen Sie den Gesamtbetrag Ihrer Bestellung auf unser Konto:<\/p><p>Kontoinhaber: Demoshop GmbH & Co.KG<br \/>Kontonummer: 10000000<br \/>BLZ: 222 22 222<br \/>Kreditinstitut: Bank Demostadt<br \/>SWIFT: DELE944834<br \/>IBAN: DE12345678910111213<\/p><p><em>Barzahlung<\/em><\/p><p>Bestellen Sie online und holen Sie Ihre Bestellung bei uns im Laden einfach ab:<\/p><p>Demoshop, Demostra\u00dfe 13<br \/>12345 Musterstadt, Deutschland<br \/>Mo \u2013 Fr 8:30 \u2013 13:00, 14:30 \u2013 18:00<br \/>Sa 9:00 \u2013 13:00<\/p>","_et_gb_content_width":"","footnotes":""},"class_list":["post-70","page","type-page","status-publish","hentry"],"_links":{"self":[{"href":"https:\/\/www.stangl-schilder.at\/shop\/wp-json\/wp\/v2\/pages\/70","targetHints":{"allow":["GET"]}}],"collection":[{"href":"https:\/\/www.stangl-schilder.at\/shop\/wp-json\/wp\/v2\/pages"}],"about":[{"href":"https:\/\/www.stangl-schilder.at\/shop\/wp-json\/wp\/v2\/types\/page"}],"author":[{"embeddable":true,"href":"https:\/\/www.stangl-schilder.at\/shop\/wp-json\/wp\/v2\/users\/1"}],"replies":[{"embeddable":true,"href":"https:\/\/www.stangl-schilder.at\/shop\/wp-json\/wp\/v2\/comments?post=70"}],"version-history":[{"count":0,"href":"https:\/\/www.stangl-schilder.at\/shop\/wp-json\/wp\/v2\/pages\/70\/revisions"}],"wp:attachment":[{"href":"https:\/\/www.stangl-schilder.at\/shop\/wp-json\/wp\/v2\/media?parent=70"}],"curies":[{"name":"wp","href":"https:\/\/api.w.org\/{rel}","templated":true}]}}