{"id":66,"date":"2021-03-31T18:12:40","date_gmt":"2021-03-31T16:12:40","guid":{"rendered":"https:\/\/www.stangl-schilder.at\/shop\/versand__lieferung\/"},"modified":"2025-10-16T17:39:56","modified_gmt":"2025-10-16T15:39:56","slug":"versand__lieferung","status":"publish","type":"page","link":"https:\/\/www.stangl-schilder.at\/shop\/versand__lieferung\/","title":{"rendered":"Versand &#038; Lieferung"},"content":{"rendered":"<p>[et_pb_section fb_built=&#8220;1&#8243; _builder_version=&#8220;4.16&#8243; global_colors_info=&#8220;{}&#8220;][et_pb_row _builder_version=&#8220;4.16&#8243; background_size=&#8220;initial&#8220; background_position=&#8220;top_left&#8220; background_repeat=&#8220;repeat&#8220; global_colors_info=&#8220;{}&#8220;][et_pb_column type=&#8220;4_4&#8243; _builder_version=&#8220;4.16&#8243; custom_padding=&#8220;|||&#8220; global_colors_info=&#8220;{}&#8220; custom_padding__hover=&#8220;|||&#8220;][et_pb_text admin_label=&#8220;\u00dcberschrift Versand &#038; Lieferung&#8220; _builder_version=&#8220;4.16&#8243; _module_preset=&#8220;default&#8220; global_colors_info=&#8220;{}&#8220;]<\/p>\n<h1>Versand &#038; Lieferung<\/h1>\n<p>[\/et_pb_text][et_pb_text admin_label=&#8220;Text Versand &#038; Lieferung&#8220; _builder_version=&#8220;4.27.4&#8243; _module_preset=&#8220;default&#8220; hover_enabled=&#8220;0&#8243; global_colors_info=&#8220;{}&#8220; sticky_enabled=&#8220;0&#8243;]<\/p>\n<p>Die auf den Produktseiten genannten Preise sind Nettopreise in EURO ohne Umsatzsteuer und sind freibleibend.<\/p>\n<p>Die Versandkosten werden Ihnen im Warenkorbsystem und auf der Bestellseite nochmals deutlich mitgeteilt.<\/p>\n<p>Der Fracht- und Verpackungskostenanteil betr\u00e4gt bei:<\/p>\n<ul>\n<li>Standardware Euro 25,00<\/li>\n<li>Verkehrsspiegeln Euro 50,00 pro Lieferung<\/li>\n<li>Geschwindigkeitsanzeigen, Verkehrsz\u00e4hler und Warnblinkleuchten der Kategorie Stra\u00dfensicherheit Euro 95,00 pro St\u00fcck (ausgenommen Zubeh\u00f6r)<\/li>\n<li>Informationsanzeigetafeln der Kategorie Stra\u00dfensicherheit Euro 165,00 pro St\u00fcck (ausgenommen Zubeh\u00f6r)<\/li>\n<li>Abfallbeh\u00e4lter Euro 45,00 pro Lieferung<\/li>\n<li>Erdschraubanker Euro 45,00 pro Lieferung (ausgenommen Zubeh\u00f6r)<\/li>\n<li>Speditionsware Euro 90,00 (Palette)<\/li>\n<\/ul>\n<p>Die Versandkosten sind exklusive der gesetzlichen Mehrwertsteuer.<\/p>\n<p>Wir liefern im Moment nur innerhalb \u00d6sterreich.<\/p>\n<p>Wir sind bem\u00fcht die bestellten Produkte im Regelfall innerhalb von 5-10 Werktagen je nach Produkt und Transportm\u00f6glichkeit, nach der eingelangten Bestellung zu liefern. Unsere Verkehrsspiegel werden in 3-5 Werktagen ausgeliefert, Geschwindigkeitsanzeigen in 7-14 Werktagen. Sollte es bei einem Artikel zu einer Verz\u00f6gerung kommen, werden wir eine Teillieferung veranlassen. Beachten Sie bitte, dass an Sonn- und Feiertagen keine Zustellung erfolgen wird.<\/p>\n<p>Die pro Bestellung berechneten Versandkosten \u00e4ndern sich durch das eventuelle Aufteilen in mehrere Pakete nicht. Wir berechnen Ihnen nur die Versandkosten, die bei der Bestellung angezeigt werden.<\/p>\n<p>[\/et_pb_text][\/et_pb_column][\/et_pb_row][\/et_pb_section]<\/p>\n","protected":false},"excerpt":{"rendered":"<p>Versand &#038; LieferungDie auf den Produktseiten genannten Preise sind Nettopreise in EURO ohne Umsatzsteuer und sind freibleibend. Die Versandkosten werden Ihnen im Warenkorbsystem und auf der Bestellseite nochmals deutlich mitgeteilt. Der Fracht- und Verpackungskostenanteil betr\u00e4gt bei: Standardware Euro 25,00 Verkehrsspiegeln Euro 50,00 pro Lieferung Geschwindigkeitsanzeigen, Verkehrsz\u00e4hler und Warnblinkleuchten der Kategorie Stra\u00dfensicherheit Euro 95,00 pro St\u00fcck [&hellip;]<\/p>\n","protected":false},"author":1,"featured_media":0,"parent":0,"menu_order":0,"comment_status":"closed","ping_status":"closed","template":"","meta":{"_et_pb_use_builder":"on","_et_pb_old_content":"<strong>Haftungshinweis: Das nachstehende Muster ist von einem Rechtsanwalt (<a href=\"https:\/\/drschwenke.de\" rel=\"nofollow\">https:\/\/drschwenke.de<\/a>) entsprechend den typischen Anforderungen eines Onlineshops erstellt worden.\u00a0Jedoch sollten Sie das Muster nur\u00a0nach sorgf\u00e4ltiger Pr\u00fcfung und Anpassung auf Ihr konkretes Gesch\u00e4ftsmodell verwenden. Das nachfolgende Muster enth\u00e4lt daher zus\u00e4tzliche Hinweise, die Sie beachten m\u00fcssen und rote Passagen, die Sie besonders pr\u00fcfen und ggf. anpassen m\u00fcssen. Bitte entfernen Sie die Hinweise nach der Bearbeitung. Lassen Sie sich im Zweifel rechtlich beraten. Urheberrecht: Sie d\u00fcrfen das Muster solange innerhalb der Domain\/Website nutzen, solange f\u00fcr diese auch Ihre Marketpress-Lizenz gilt. Weitergabe an Dritte, auch an Kunden (z.B. als Entwickler) ist nicht erlaubt.<\/strong>\r\n\r\n<strong>Bitte beachten Sie, dass die Versandkosten oder zumindest die Berechnungsmethoden (z.B. nach Gewicht) f\u00fcr alle belieferten L\u00e4nder angegeben werden sollen.<\/strong>\r\n\r\n<strong>Wenn Sie nur in bestimmte L\u00e4nder liefern, m\u00fcssen Sie dies den Kunden mitteilen. Zudem sollten Sie in den Einstellungen von WooCommerce nur diese L\u00e4nder als \"Erlaubte L\u00e4nder\" ausw\u00e4hlen. Klauseln wie \"Versandkosten in andere L\u00e4nder nur auf Anfrage\" sollten Sie nicht verwenden.<\/strong>\r\n\r\n<strong>Preise, Versandkosten und Lieferinformationen<\/strong>\r\n\r\nDie auf den Produktseiten genannten Preise enthalten die gesetzliche Mehrwertsteuer und sonstige Preisbestandteile.\r\n\r\nWir liefern nur innerhalb Deutschlands und \u00d6sterreichs.\r\n\r\nZus\u00e4tzlich zu den angegebenen Preisen berechnen wir f\u00fcr die Lieferung innerhalb Deutschlands und \u00d6sterreichs pauschal [6,90 Euro pro Bestellung]. Die Versandkosten werden Ihnen im Warenkorbsystem und auf der Bestellseite nochmals deutlich mitgeteilt.\r\n\r\nBei Zahlung per Nachnahme wird eine zus\u00e4tzliche Geb\u00fchr in H\u00f6he von [2,- Euro] f\u00e4llig, die der Zusteller vor Ort erhebt. [Weitere Steuern oder Kosten fallen nicht an.]\r\n\r\nF\u00fcr digitale Inhalte (E-Books, Software, etc.) fallen keine Versandkosten an.\r\n\r\n<strong>[Hinweis an H\u00e4ndler: Der folgende Passus ist notwendig, wenn Sie eine Versandkostenpauschale angeben. Ansonsten k\u00f6nnen sie den Passus entfernen]<\/strong>\r\n\r\nDie Versandkostenpauschale betr\u00e4gt [Wert Versandkostenpauschale angeben] Euro. Die Versandkostenpauschale enth\u00e4lt die gesetzliche Mehrwertsteuer. Da die Mehrwertsteuer auf die Versandkostenpauschale abh\u00e4ngig von den erworbenen Waren berechnet wird, kann sie sich mindern, wenn Waren zu niedrigeren Umsatzsteuers\u00e4tzen erworben werden (z.B. bei Erwerb von B\u00fcchern). Das bedeutet, dass die Versandkostenpauschale erst im Rahmen des Bestellprozesses endg\u00fcltig berechnet werden kann. Sie kann dabei jedoch nicht h\u00f6her, sondern nur zu Ihren Gunsten niedriger werden.","_et_gb_content_width":"","footnotes":""},"class_list":["post-66","page","type-page","status-publish","hentry"],"_links":{"self":[{"href":"https:\/\/www.stangl-schilder.at\/shop\/wp-json\/wp\/v2\/pages\/66","targetHints":{"allow":["GET"]}}],"collection":[{"href":"https:\/\/www.stangl-schilder.at\/shop\/wp-json\/wp\/v2\/pages"}],"about":[{"href":"https:\/\/www.stangl-schilder.at\/shop\/wp-json\/wp\/v2\/types\/page"}],"author":[{"embeddable":true,"href":"https:\/\/www.stangl-schilder.at\/shop\/wp-json\/wp\/v2\/users\/1"}],"replies":[{"embeddable":true,"href":"https:\/\/www.stangl-schilder.at\/shop\/wp-json\/wp\/v2\/comments?post=66"}],"version-history":[{"count":0,"href":"https:\/\/www.stangl-schilder.at\/shop\/wp-json\/wp\/v2\/pages\/66\/revisions"}],"wp:attachment":[{"href":"https:\/\/www.stangl-schilder.at\/shop\/wp-json\/wp\/v2\/media?parent=66"}],"curies":[{"name":"wp","href":"https:\/\/api.w.org\/{rel}","templated":true}]}}